{"id":2527,"date":"2024-04-24T11:01:47","date_gmt":"2024-04-24T04:01:47","guid":{"rendered":"http:\/\/banfb.wplocal\/?post_type=product&#038;p=2527"},"modified":"2025-08-26T16:17:34","modified_gmt":"2025-08-26T09:17:34","slug":"ca-phe-latte-dua","status":"publish","type":"product","link":"https:\/\/banfb.vn\/en\/san-pham\/ca-phe-latte-dua\/","title":{"rendered":"C\u00c0 PH\u00ca LATTE D\u1eeaA"},"content":{"rendered":"\t<section class=\"section dark\" id=\"section_748812850\">\n\t\t<div class=\"bg section-bg fill bg-fill  \" >\n\n\t\t\t\n\t\t\t\n\t\t\t\n\n\t\t<\/div>\n\n\t\t\n\n\t\t<div class=\"section-content relative\">\n\t\t\t\r\n\r\n<div class=\"row align-center\"  id=\"row-836719960\">\r\n\r\n\n\t<div id=\"col-1111797030\" class=\"col medium-6 small-12 large-6\"  >\n\t\t\t\t<div class=\"col-inner\"  >\n\t\t\t\n\t\t\t\r\n\r\n\t<div id=\"gap-1154188073\" class=\"gap-element clearfix\" style=\"display:block; height:auto;\">\n\t\t\n<style>\n#gap-1154188073 {\n  padding-top: 30px;\n}\n<\/style>\n\t<\/div>\n\t\r\n\r\n\t<div id=\"text-1279092410\" class=\"text\">\n\t\t\r\n<h2>INSTANT COFFEE BAN F&amp;B<\/h2>\r\n\t\t\n<style>\n#text-1279092410 {\n  text-align: center;\n  color: rgb(255, 255, 255);\n}\n#text-1279092410 > * {\n  color: rgb(255, 255, 255);\n}\n<\/style>\n\t<\/div>\n\t\r\n\t<div id=\"text-488091579\" class=\"text\">\n\t\t\r\n\r\nThis is our outstanding product line. Made from delicious Dak Lak coffee beans, through elaborate processing, creating a product with a unique, unique flavor that combines the unique taste of pure coffee with the gentle scent of milk.\r\n\r\n\t\t\n<style>\n#text-488091579 {\n  font-size: 0.95rem;\n  text-align: center;\n  color: rgb(252, 174, 97);\n}\n#text-488091579 > * {\n  color: rgb(252, 174, 97);\n}\n<\/style>\n\t<\/div>\n\t\r\n\r\n\t\t<\/div>\n\t\t\t\t\t<\/div>\n\n\t\r\n\r\n<\/div>\r\n\r\n\t\t<\/div>\n\n\t\t\n<style>\n#section_748812850 {\n  padding-top: 30px;\n  padding-bottom: 30px;\n}\n#section_748812850 .section-bg.bg-loaded {\n  background-image: url(https:\/\/banfb.vn\/wp-content\/uploads\/2024\/04\/banner-danh-muc-ca-phe-hoa-tan.jpeg);\n}\n<\/style>\n\t<\/section>\n\t\r\n\t<section class=\"section\" id=\"section_1365390637\">\n\t\t<div class=\"bg section-bg fill bg-fill  bg-loaded\" >\n\n\t\t\t\n\t\t\t\n\t\t\t\n\n\t\t<\/div>\n\n\t\t\n\n\t\t<div class=\"section-content relative\">\n\t\t\t\r\n\r\n<div class=\"row\"  id=\"row-737970348\">\r\n\r\n\n\t<div id=\"col-882352783\" class=\"col pdbt-0 small-12 large-12\"  >\n\t\t\t\t<div class=\"col-inner\"  >\n\t\t\t\n\t\t\t\r\n\r\n\t<div id=\"text-4255197429\" class=\"text custom_title_border_left\">\n\t\t\r\n\r\n<strong><a href=\"\/\">HOME PAGE<\/a> \/ PRODUCT PORTFOLIO \/ <a href=\"\/?page_id=2852\">INSTANT COFFEE<\/a><\/strong>\r\n\r\n\t\t\n<style>\n#text-4255197429 {\n  color: #502800;\n}\n#text-4255197429 > * {\n  color: #502800;\n}\n<\/style>\n\t<\/div>\n\t\r\n\r\n\t\t<\/div>\n\t\t\t\t\t<\/div>\n\n\t\r\n\r\n<\/div>\r\n\r\n\t\t<\/div>\n\n\t\t\n<style>\n#section_1365390637 {\n  padding-top: 30px;\n  padding-bottom: 30px;\n}\n<\/style>\n\t<\/section>\n\t\n\t<section class=\"section\" id=\"section_306221675\">\n\t\t<div class=\"bg section-bg fill bg-fill  bg-loaded\" >\n\n\t\t\t\n\t\t\t\n\t\t\t\n\n\t\t<\/div>\n\n\t\t\n\n\t\t<div class=\"section-content relative\">\n\t\t\t\n\t<div id=\"gap-964371741\" class=\"gap-element clearfix\" style=\"display:block; height:auto;\">\n\t\t\n<style>\n#gap-964371741 {\n  padding-top: 0px;\n}\n@media (min-width:550px) {\n  #gap-964371741 {\n    padding-top: 30px;\n  }\n}\n<\/style>\n\t<\/div>\n\t\n<div class=\"row row-large align-center\"  id=\"row-1978326229\">\n\n\t<div id=\"col-1813850081\" class=\"col medium-4 small-12 large-3\"  >\n\t\t\t\t<div class=\"col-inner\"  >\n\t\t\t\n\t\t\t\n\n\t\t<\/div>\n\t\t\t\t\t<\/div>\n\n\t\n\n\t<div id=\"col-878636004\" class=\"col medium-8 small-12 large-7\"  >\n\t\t\t\t<div class=\"col-inner\"  >\n\t\t\t\n\t\t\t\n<div class=\"row align-right\"  id=\"row-965318498\">\n\n\t<div id=\"col-520163196\" class=\"col banner_product pdbt-0 small-12 large-12\"  >\n\t\t\t\t<div class=\"col-inner\" style=\"background-color:rgb(0, 170, 207);\" >\n\t\t\t\n\t\t\t\n\t<div id=\"text-1825419688\" class=\"text\">\n\t\t\n<h1>C\u00c0 PH\u00ca LATTE D\u1eeaA<\/h1>\n\t\t\n<style>\n#text-1825419688 {\n  color: rgb(255,255,255);\n}\n#text-1825419688 > * {\n  color: rgb(255,255,255);\n}\n<\/style>\n\t<\/div>\n\t\n\t<div id=\"text-1846528732\" class=\"text\">\n\t\t\n<ul>\n<li>C\u00e0 ph\u00ea h\u00f2a tan 4in1 Latte D\u1eeba c\u00f3 v\u1ecb s\u1eefa d\u1eeba b\u00e9o ng\u1eady, th\u01a1m l\u1eebng nh\u01b0ng v\u1eabn gi\u1eef \u0111\u01b0\u1ee3c h\u01b0\u01a1ng v\u1ecb c\u00e0 ph\u00ea truy\u1ec1n th\u1ed1ng \u0111\u1eadm \u0111\u00e0.<\/li>\n<li>V\u1edbi s\u1ea3n ph\u1ea9m\u00a0C\u00e0 ph\u00ea H\u00f2a tan 4in1 Latte D\u1eeba, b\u1ea1n c\u00f3 th\u1ec3 th\u01b0\u1edfng th\u1ee9c \u1edf b\u1ea5t c\u1ee9 \u0111\u00e2u, c\u00f3 th\u1ec3 pha n\u00f3ng v\u00e0 l\u1ea1nh t\u00f9y kh\u1ea9u v\u1ecb. Lion Caf\u00e9 s\u1ebd c\u00f9ng b\u1ea1n b\u1eaft \u0111\u1ea7u m\u1ed9t ng\u00e0y m\u1edbi th\u1eadt nh\u1eb9 nh\u00e0ng v\u00e0 t\u1ec9nh t\u00e1o.<\/li>\n<li>Ch\u00fang t\u00f4i th\u1ef1c hi\u1ec7n quy tr\u00ecnh kh\u00e9p k\u00edn t\u1eeb tr\u1ed3ng tr\u1ecdt, thu ho\u1ea1ch theo ti\u00eau chu\u1ea9n Organic, k\u1ebft h\u1ee3p v\u1edbi s\u1ef1 c\u1ea7n c\u00f9.<\/li>\n<\/ul>\n\t\t\n<style>\n#text-1846528732 {\n  color: rgb(255,255,255);\n}\n#text-1846528732 > * {\n  color: rgb(255,255,255);\n}\n<\/style>\n\t<\/div>\n\t\n\t<div id=\"gap-447007684\" class=\"gap-element clearfix\" style=\"display:block; height:auto;\">\n\t\t\n<style>\n#gap-447007684 {\n  padding-top: 30px;\n}\n<\/style>\n\t<\/div>\n\t\n\t<div id=\"text-3863474130\" class=\"text product_page_box_price\">\n\t\t\n<p>Hotline h\u1ed7 tr\u1ee3 kh\u00e1ch h\u00e0ng<\/p>\n<p>Chat Zalo 24\/7: <a style=\"color: #fff;\" href=\"tel:0985.232.977\"><strong>0985.232.977<\/strong><\/a><\/p>\n\t\t\n<style>\n#text-3863474130 {\n  color: rgb(255,255,255);\n}\n#text-3863474130 > * {\n  color: rgb(255,255,255);\n}\n<\/style>\n\t<\/div>\n\t\n\t<div id=\"gap-664774314\" class=\"gap-element clearfix show-for-small\" style=\"display:block; height:auto;\">\n\t\t\n<style>\n#gap-664774314 {\n  padding-top: 140px;\n}\n@media (min-width:550px) {\n  #gap-664774314 {\n    padding-top: 30px;\n  }\n}\n<\/style>\n\t<\/div>\n\t\n\t\t<\/div>\n\t\t\t\t\t<\/div>\n\n\t\n\n\t<div id=\"col-2109733110\" class=\"col medium-7 small-12 large-7\"  >\n\t\t\t\t<div class=\"col-inner\"  >\n\t\t\t\n\t\t\t\n\t<div class=\"img has-hover x md-x lg-x y md-y lg-y\" id=\"image_1517124594\">\n\t\t\t\t\t\t\t\t<div class=\"img-inner dark\" style=\"margin:0px 30px 0px 0px;\">\n\t\t\t<img loading=\"lazy\" decoding=\"async\" width=\"600\" height=\"480\" src=\"https:\/\/banfb.vn\/wp-content\/uploads\/2024\/04\/ly-ca-phe-dua.png\" class=\"attachment-original size-original\" alt=\"\" srcset=\"https:\/\/banfb.vn\/wp-content\/uploads\/2024\/04\/ly-ca-phe-dua.png 600w, https:\/\/banfb.vn\/wp-content\/uploads\/2024\/04\/ly-ca-phe-dua-300x240.png 300w\" sizes=\"auto, (max-width: 600px) 100vw, 600px\" \/>\t\t\t\t\t\t\n\t\t\t\t\t<\/div>\n\t\t\t\t\t\t\t\t\n<style>\n#image_1517124594 {\n  width: 100%;\n}\n@media (min-width:850px) {\n  #image_1517124594 {\n    width: 100%;\n  }\n}\n<\/style>\n\t<\/div>\n\t\n\t\t<\/div>\n\t\t\t\t\n<style>\n#col-2109733110 > .col-inner {\n  margin: -150px 0px 0px 0px;\n}\n@media (min-width:550px) {\n  #col-2109733110 > .col-inner {\n    margin: -150px 0px 0px 0px;\n  }\n}\n<\/style>\n\t<\/div>\n\n\t\n\n<style>\n#row-965318498 > .col > .col-inner {\n  border-radius: 10px;\n}\n<\/style>\n<\/div>\n\t\t<\/div>\n\t\t\t\t\t<\/div>\n\n\t\n<\/div>\n\t\t<\/div>\n\n\t\t\n<style>\n#section_306221675 {\n  padding-top: 0px;\n  padding-bottom: 0px;\n}\n<\/style>\n\t<\/section>\n\t\n","protected":false},"excerpt":{"rendered":"","protected":false},"featured_media":4018,"comment_status":"open","ping_status":"closed","template":"","meta":[],"product_brand":[],"product_cat":[103],"product_tag":[],"class_list":{"0":"post-2527","1":"product","2":"type-product","3":"status-publish","4":"has-post-thumbnail","6":"product_cat-ca-phe-hoa-tan","8":"first","9":"instock","10":"shipping-taxable","11":"product-type-simple"},"_links":{"self":[{"href":"https:\/\/banfb.vn\/en\/wp-json\/wp\/v2\/product\/2527","targetHints":{"allow":["GET"]}}],"collection":[{"href":"https:\/\/banfb.vn\/en\/wp-json\/wp\/v2\/product"}],"about":[{"href":"https:\/\/banfb.vn\/en\/wp-json\/wp\/v2\/types\/product"}],"replies":[{"embeddable":true,"href":"https:\/\/banfb.vn\/en\/wp-json\/wp\/v2\/comments?post=2527"}],"wp:featuredmedia":[{"embeddable":true,"href":"https:\/\/banfb.vn\/en\/wp-json\/wp\/v2\/media\/4018"}],"wp:attachment":[{"href":"https:\/\/banfb.vn\/en\/wp-json\/wp\/v2\/media?parent=2527"}],"wp:term":[{"taxonomy":"product_brand","embeddable":true,"href":"https:\/\/banfb.vn\/en\/wp-json\/wp\/v2\/product_brand?post=2527"},{"taxonomy":"product_cat","embeddable":true,"href":"https:\/\/banfb.vn\/en\/wp-json\/wp\/v2\/product_cat?post=2527"},{"taxonomy":"product_tag","embeddable":true,"href":"https:\/\/banfb.vn\/en\/wp-json\/wp\/v2\/product_tag?post=2527"}],"curies":[{"name":"wp","href":"https:\/\/api.w.org\/{rel}","templated":true}]}}