{"id":2542,"date":"2024-04-24T12:25:12","date_gmt":"2024-04-24T05:25:12","guid":{"rendered":"http:\/\/banfb.wplocal\/?post_type=product&#038;p=2542"},"modified":"2025-08-26T16:19:17","modified_gmt":"2025-08-26T09:19:17","slug":"ban-fb-3-in-1-special","status":"publish","type":"product","link":"https:\/\/banfb.vn\/en\/san-pham\/ban-fb-3-in-1-special\/","title":{"rendered":"BAN F&#038;B 3 IN 1 SPECIAL"},"content":{"rendered":"\t<section class=\"section dark\" id=\"section_769485900\">\n\t\t<div class=\"bg section-bg fill bg-fill  \" >\n\n\t\t\t\n\t\t\t\n\t\t\t\n\n\t\t<\/div>\n\n\t\t\n\n\t\t<div class=\"section-content relative\">\n\t\t\t\r\n\r\n<div class=\"row align-center\"  id=\"row-1684572132\">\r\n\r\n\n\t<div id=\"col-1651219512\" class=\"col medium-6 small-12 large-6\"  >\n\t\t\t\t<div class=\"col-inner\"  >\n\t\t\t\n\t\t\t\r\n\r\n\t<div id=\"gap-491694685\" class=\"gap-element clearfix\" style=\"display:block; height:auto;\">\n\t\t\n<style>\n#gap-491694685 {\n  padding-top: 30px;\n}\n<\/style>\n\t<\/div>\n\t\r\n\r\n\t<div id=\"text-319174932\" class=\"text\">\n\t\t\r\n<h2>INSTANT COFFEE BAN F&amp;B<\/h2>\r\n\t\t\n<style>\n#text-319174932 {\n  text-align: center;\n  color: rgb(255, 255, 255);\n}\n#text-319174932 > * {\n  color: rgb(255, 255, 255);\n}\n<\/style>\n\t<\/div>\n\t\r\n\t<div id=\"text-1866113546\" class=\"text\">\n\t\t\r\n\r\nThis is our outstanding product line. Made from delicious Dak Lak coffee beans, through elaborate processing, creating a product with a unique, unique flavor that combines the unique taste of pure coffee with the gentle scent of milk.\r\n\r\n\t\t\n<style>\n#text-1866113546 {\n  font-size: 0.95rem;\n  text-align: center;\n  color: rgb(252, 174, 97);\n}\n#text-1866113546 > * {\n  color: rgb(252, 174, 97);\n}\n<\/style>\n\t<\/div>\n\t\r\n\r\n\t\t<\/div>\n\t\t\t\t\t<\/div>\n\n\t\r\n\r\n<\/div>\r\n\r\n\t\t<\/div>\n\n\t\t\n<style>\n#section_769485900 {\n  padding-top: 30px;\n  padding-bottom: 30px;\n}\n#section_769485900 .section-bg.bg-loaded {\n  background-image: url(https:\/\/banfb.vn\/wp-content\/uploads\/2024\/04\/banner-danh-muc-ca-phe-hoa-tan.jpeg);\n}\n<\/style>\n\t<\/section>\n\t\r\n\t<section class=\"section\" id=\"section_1961567131\">\n\t\t<div class=\"bg section-bg fill bg-fill  bg-loaded\" >\n\n\t\t\t\n\t\t\t\n\t\t\t\n\n\t\t<\/div>\n\n\t\t\n\n\t\t<div class=\"section-content relative\">\n\t\t\t\r\n\r\n<div class=\"row\"  id=\"row-1879356881\">\r\n\r\n\n\t<div id=\"col-866384866\" class=\"col pdbt-0 small-12 large-12\"  >\n\t\t\t\t<div class=\"col-inner\"  >\n\t\t\t\n\t\t\t\r\n\r\n\t<div id=\"text-2330574779\" class=\"text custom_title_border_left\">\n\t\t\r\n\r\n<strong><a href=\"\/\">HOME PAGE<\/a> \/ PRODUCT PORTFOLIO \/ <a href=\"\/?page_id=2852\">INSTANT COFFEE<\/a><\/strong>\r\n\r\n\t\t\n<style>\n#text-2330574779 {\n  color: #502800;\n}\n#text-2330574779 > * {\n  color: #502800;\n}\n<\/style>\n\t<\/div>\n\t\r\n\r\n\t\t<\/div>\n\t\t\t\t\t<\/div>\n\n\t\r\n\r\n<\/div>\r\n\r\n\t\t<\/div>\n\n\t\t\n<style>\n#section_1961567131 {\n  padding-top: 30px;\n  padding-bottom: 30px;\n}\n<\/style>\n\t<\/section>\n\t\n\t<section class=\"section\" id=\"section_1147485724\">\n\t\t<div class=\"bg section-bg fill bg-fill  bg-loaded\" >\n\n\t\t\t\n\t\t\t\n\t\t\t\n\n\t\t<\/div>\n\n\t\t\n\n\t\t<div class=\"section-content relative\">\n\t\t\t\n\t<div id=\"gap-1850427186\" class=\"gap-element clearfix\" style=\"display:block; height:auto;\">\n\t\t\n<style>\n#gap-1850427186 {\n  padding-top: 0px;\n}\n@media (min-width:550px) {\n  #gap-1850427186 {\n    padding-top: 30px;\n  }\n}\n<\/style>\n\t<\/div>\n\t\n<div class=\"row row-large align-center\"  id=\"row-1190537969\">\n\n\t<div id=\"col-910559893\" class=\"col medium-4 small-12 large-3\"  >\n\t\t\t\t<div class=\"col-inner\"  >\n\t\t\t\n\t\t\t\n\n\t\t<\/div>\n\t\t\t\t\t<\/div>\n\n\t\n\n\t<div id=\"col-1005918728\" class=\"col medium-8 small-12 large-7\"  >\n\t\t\t\t<div class=\"col-inner\"  >\n\t\t\t\n\t\t\t\n<div class=\"row align-right\"  id=\"row-186675061\">\n\n\t<div id=\"col-2069035706\" class=\"col banner_product pdbt-0 small-12 large-12\"  >\n\t\t\t\t<div class=\"col-inner\" style=\"background-color:rgb(28, 108, 91);\" >\n\t\t\t\n\t\t\t\n\t<div id=\"text-1893578857\" class=\"text\">\n\t\t\n<h1>BAN F&amp;B 3 IN 1 SPECIAL<\/h1>\n\t\t\n<style>\n#text-1893578857 {\n  color: rgb(255,255,255);\n}\n#text-1893578857 > * {\n  color: rgb(255,255,255);\n}\n<\/style>\n\t<\/div>\n\t\n\t<div id=\"text-3804699396\" class=\"text\">\n\t\t\n<p>Ban Coffee 3 in 1 Gu \u0111\u1eadm\u00a0l\u00e0 s\u1ea3n ph\u1ea9m n\u1ed5i\u00a0 b\u1eadt c\u1ee7a B\u1ea3n C\u00e0 ph\u00ea\u00a0 \u2013 m\u1ed9t trong nh\u1eefng th\u01b0\u01a1ng hi\u1ec7u uy t\u00edn t\u1ea1i Vi\u1ec7t Nam .\u0110\u01b0\u1ee3c l\u00e0m t\u1eeb nh\u1eefng h\u1ea1t c\u00e0 ph\u00ea \u0110\u1eafc L\u1eafc th\u01a1m ngon nh\u1ea5t v\u1eeba m\u1edbi thu ho\u1ea1ch, qua qu\u00e1 tr\u00ecnh rang xay c\u1ea7u k\u00ec, c\u1ea9n th\u1eadn, t\u1ea1o ra lo\u1ea1i s\u1ea3n ph\u1ea9m mang h\u01b0\u01a1ng v\u1ecb \u0111\u1eb7c tr\u01b0ng, ri\u00eang bi\u1ec7t, h\u1ea5p d\u1eabn m\u1ecdi ng\u01b0\u1eddi th\u01b0\u1edfng th\u1ee9c.S\u1ea3n ph\u1ea9m l\u00e0 s\u1ef1 h\u00f2a quy\u1ec7n gi\u1eefa v\u1ecb c\u00e0 ph\u00ea thu\u1ea7n khi\u1ebft c\u00f3 v\u1ecb\u00a0 th\u01a1m ngon \u0111\u1eb7c tr\u01b0ng v\u1edbi m\u00f9i th\u01a1m c\u1ee7a s\u1eefa d\u1ecbu nh\u1eb9.\u00a0Ban Coffee 3 in 1 Gu \u0111\u1eadm\u00a0\u0111\u01b0\u1ee3c \u0111\u00f3ng h\u1ed9p 200g ti\u1ec7n d\u1ee5ng, d\u1ec5 d\u00e0ng mang \u0111i v\u00e0 s\u1eed d\u1ee5ng trong l\u00fac l\u00e0m vi\u1ec7c hay vui ch\u01a1i, ngh\u1ec9 d\u01b0\u1ee1ng.<\/p>\n\t\t\n<style>\n#text-3804699396 {\n  color: rgb(47, 255, 193);\n}\n#text-3804699396 > * {\n  color: rgb(47, 255, 193);\n}\n<\/style>\n\t<\/div>\n\t\n\t<div id=\"gap-1268589429\" class=\"gap-element clearfix\" style=\"display:block; height:auto;\">\n\t\t\n<style>\n#gap-1268589429 {\n  padding-top: 30px;\n}\n<\/style>\n\t<\/div>\n\t\n\t<div id=\"text-3088774092\" class=\"text product_page_box_price\">\n\t\t\n<p>Hotline h\u1ed7 tr\u1ee3 kh\u00e1ch h\u00e0ng<\/p>\n<p>Chat Zalo 24\/7: <a style=\"color: #fff;\" href=\"tel:0985.232.977\"><strong>0985.232.977<\/strong><\/a><\/p>\n\t\t\n<style>\n#text-3088774092 {\n  color: rgb(255,255,255);\n}\n#text-3088774092 > * {\n  color: rgb(255,255,255);\n}\n<\/style>\n\t<\/div>\n\t\n\t<div id=\"gap-1544386470\" class=\"gap-element clearfix show-for-small\" style=\"display:block; height:auto;\">\n\t\t\n<style>\n#gap-1544386470 {\n  padding-top: 140px;\n}\n@media (min-width:550px) {\n  #gap-1544386470 {\n    padding-top: 30px;\n  }\n}\n<\/style>\n\t<\/div>\n\t\n\t\t<\/div>\n\t\t\t\t\t<\/div>\n\n\t\n\n\t<div id=\"col-2147381873\" class=\"col medium-7 small-12 large-7\"  >\n\t\t\t\t<div class=\"col-inner\"  >\n\t\t\t\n\t\t\t\n\t<div class=\"img has-hover x md-x lg-x y md-y lg-y\" id=\"image_1454731009\">\n\t\t\t\t\t\t\t\t<div class=\"img-inner dark\" style=\"margin:0px 30px 0px 0px;\">\n\t\t\t<img loading=\"lazy\" decoding=\"async\" width=\"800\" height=\"700\" src=\"https:\/\/banfb.vn\/wp-content\/uploads\/2024\/04\/ly-ca-phe-3-in-1-special.png\" class=\"attachment-original size-original\" alt=\"\" srcset=\"https:\/\/banfb.vn\/wp-content\/uploads\/2024\/04\/ly-ca-phe-3-in-1-special.png 800w, https:\/\/banfb.vn\/wp-content\/uploads\/2024\/04\/ly-ca-phe-3-in-1-special-300x263.png 300w, https:\/\/banfb.vn\/wp-content\/uploads\/2024\/04\/ly-ca-phe-3-in-1-special-768x672.png 768w\" sizes=\"auto, (max-width: 800px) 100vw, 800px\" \/>\t\t\t\t\t\t\n\t\t\t\t\t<\/div>\n\t\t\t\t\t\t\t\t\n<style>\n#image_1454731009 {\n  width: 100%;\n}\n@media (min-width:850px) {\n  #image_1454731009 {\n    width: 100%;\n  }\n}\n<\/style>\n\t<\/div>\n\t\n\t\t<\/div>\n\t\t\t\t\n<style>\n#col-2147381873 > .col-inner {\n  margin: -150px 0px 0px 0px;\n}\n@media (min-width:550px) {\n  #col-2147381873 > .col-inner {\n    margin: -150px 0px 0px 0px;\n  }\n}\n<\/style>\n\t<\/div>\n\n\t\n\n<style>\n#row-186675061 > .col > .col-inner {\n  border-radius: 10px;\n}\n<\/style>\n<\/div>\n\t\t<\/div>\n\t\t\t\t\t<\/div>\n\n\t\n<\/div>\n\t\t<\/div>\n\n\t\t\n<style>\n#section_1147485724 {\n  padding-top: 0px;\n  padding-bottom: 0px;\n}\n<\/style>\n\t<\/section>\n\t\n","protected":false},"excerpt":{"rendered":"","protected":false},"featured_media":3937,"comment_status":"open","ping_status":"closed","template":"","meta":[],"product_brand":[],"product_cat":[103],"product_tag":[],"class_list":{"0":"post-2542","1":"product","2":"type-product","3":"status-publish","4":"has-post-thumbnail","6":"product_cat-ca-phe-hoa-tan","8":"first","9":"instock","10":"shipping-taxable","11":"product-type-simple"},"_links":{"self":[{"href":"https:\/\/banfb.vn\/en\/wp-json\/wp\/v2\/product\/2542","targetHints":{"allow":["GET"]}}],"collection":[{"href":"https:\/\/banfb.vn\/en\/wp-json\/wp\/v2\/product"}],"about":[{"href":"https:\/\/banfb.vn\/en\/wp-json\/wp\/v2\/types\/product"}],"replies":[{"embeddable":true,"href":"https:\/\/banfb.vn\/en\/wp-json\/wp\/v2\/comments?post=2542"}],"wp:featuredmedia":[{"embeddable":true,"href":"https:\/\/banfb.vn\/en\/wp-json\/wp\/v2\/media\/3937"}],"wp:attachment":[{"href":"https:\/\/banfb.vn\/en\/wp-json\/wp\/v2\/media?parent=2542"}],"wp:term":[{"taxonomy":"product_brand","embeddable":true,"href":"https:\/\/banfb.vn\/en\/wp-json\/wp\/v2\/product_brand?post=2542"},{"taxonomy":"product_cat","embeddable":true,"href":"https:\/\/banfb.vn\/en\/wp-json\/wp\/v2\/product_cat?post=2542"},{"taxonomy":"product_tag","embeddable":true,"href":"https:\/\/banfb.vn\/en\/wp-json\/wp\/v2\/product_tag?post=2542"}],"curies":[{"name":"wp","href":"https:\/\/api.w.org\/{rel}","templated":true}]}}