{"id":2892,"date":"2024-04-26T19:03:14","date_gmt":"2024-04-26T12:03:14","guid":{"rendered":"https:\/\/banfb.vn\/?post_type=product&#038;p=2892"},"modified":"2025-05-05T10:16:08","modified_gmt":"2025-05-05T03:16:08","slug":"tra-sua-o-long-nuong","status":"publish","type":"product","link":"https:\/\/banfb.vn\/en\/san-pham\/tra-sua-o-long-nuong\/","title":{"rendered":"TR\u00c0 S\u1eeeA \u00d4 LONG N\u01af\u1edaNG"},"content":{"rendered":"\t<section class=\"section dark\" id=\"section_443157493\">\n\t\t<div class=\"bg section-bg fill bg-fill  \" >\n\n\t\t\t\n\t\t\t\n\t\t\t\n\n\t\t<\/div>\n\n\t\t\n\n\t\t<div class=\"section-content relative\">\n\t\t\t\r\n\r\n<div class=\"row align-center\"  id=\"row-750176523\">\r\n\r\n\n\t<div id=\"col-1354466700\" class=\"col medium-6 small-12 large-6\"  >\n\t\t\t\t<div class=\"col-inner\"  >\n\t\t\t\n\t\t\t\r\n\r\n\t<div id=\"gap-1256001909\" class=\"gap-element clearfix\" style=\"display:block; height:auto;\">\n\t\t\n<style>\n#gap-1256001909 {\n  padding-top: 30px;\n}\n<\/style>\n\t<\/div>\n\t\r\n\r\n\t<div id=\"text-3905290601\" class=\"text\">\n\t\t\r\n<h2>MILK TEA<\/h2>\r\n\t\t\n<style>\n#text-3905290601 {\n  text-align: center;\n  color: rgb(255, 255, 255);\n}\n#text-3905290601 > * {\n  color: rgb(255, 255, 255);\n}\n<\/style>\n\t<\/div>\n\t\r\n\t<div id=\"text-1142398130\" class=\"text\">\n\t\t\r\n\r\nAlthough it is a very familiar drink to everyone, especially young people. However, Ban F&amp;B Milk Tea still has its own special features. \"Tea\" and \"Milk\" are cooked by us with a very special recipe, ensuring that the delicate taste of the tea and the aroma of the milk are preserved...\r\n\r\n\t\t\n<style>\n#text-1142398130 {\n  font-size: 0.95rem;\n  text-align: center;\n  color: rgb(141, 255, 144);\n}\n#text-1142398130 > * {\n  color: rgb(141, 255, 144);\n}\n<\/style>\n\t<\/div>\n\t\r\n\r\n\t\t<\/div>\n\t\t\t\t\t<\/div>\n\n\t\r\n\r\n<\/div>\r\n\r\n\t\t<\/div>\n\n\t\t\n<style>\n#section_443157493 {\n  padding-top: 30px;\n  padding-bottom: 30px;\n}\n#section_443157493 .section-bg.bg-loaded {\n  background-image: url(https:\/\/banfb.vn\/wp-content\/uploads\/2024\/04\/banner-danh-muc-tra-sua.jpeg);\n}\n<\/style>\n\t<\/section>\n\t\r\n\t<section class=\"section\" id=\"section_1061719333\">\n\t\t<div class=\"bg section-bg fill bg-fill  bg-loaded\" >\n\n\t\t\t\n\t\t\t\n\t\t\t\n\n\t\t<\/div>\n\n\t\t\n\n\t\t<div class=\"section-content relative\">\n\t\t\t\r\n\r\n<div class=\"row\"  id=\"row-1319035707\">\r\n\r\n\n\t<div id=\"col-261887016\" class=\"col pdbt-0 small-12 large-12\"  >\n\t\t\t\t<div class=\"col-inner\"  >\n\t\t\t\n\t\t\t\r\n\r\n\t<div id=\"text-1633412735\" class=\"text custom_title_border_left\">\n\t\t\r\n\r\n<strong><a href=\"\/\">HOME<\/a> \/ PRODUCT PORTFOLIO \/ <a href=\"\/?page_id=2879\">MILK TEA<\/a><\/strong>\r\n\r\n\t\t\n<style>\n#text-1633412735 {\n  color: #502800;\n}\n#text-1633412735 > * {\n  color: #502800;\n}\n<\/style>\n\t<\/div>\n\t\r\n\r\n\t\t<\/div>\n\t\t\t\t\t<\/div>\n\n\t\r\n\r\n<\/div>\r\n\r\n\t\t<\/div>\n\n\t\t\n<style>\n#section_1061719333 {\n  padding-top: 30px;\n  padding-bottom: 30px;\n}\n<\/style>\n\t<\/section>\n\t\n\t<section class=\"section\" id=\"section_1070462460\">\n\t\t<div class=\"bg section-bg fill bg-fill  bg-loaded\" >\n\n\t\t\t\n\t\t\t\n\t\t\t\n\n\t\t<\/div>\n\n\t\t\n\n\t\t<div class=\"section-content relative\">\n\t\t\t\n\t<div id=\"gap-50474054\" class=\"gap-element clearfix\" style=\"display:block; height:auto;\">\n\t\t\n<style>\n#gap-50474054 {\n  padding-top: 0px;\n}\n@media (min-width:550px) {\n  #gap-50474054 {\n    padding-top: 30px;\n  }\n}\n<\/style>\n\t<\/div>\n\t\n<div class=\"row row-large align-center\"  id=\"row-495646534\">\n\n\t<div id=\"col-1783376999\" class=\"col medium-4 small-12 large-3\"  >\n\t\t\t\t<div class=\"col-inner\"  >\n\t\t\t\n\t\t\t\n\n\t\t<\/div>\n\t\t\t\t\t<\/div>\n\n\t\n\n\t<div id=\"col-564533472\" class=\"col medium-8 small-12 large-7\"  >\n\t\t\t\t<div class=\"col-inner\"  >\n\t\t\t\n\t\t\t\n<div class=\"row align-right\"  id=\"row-16614339\">\n\n\t<div id=\"col-1510043129\" class=\"col banner_product pdbt-0 small-12 large-12\"  >\n\t\t\t\t<div class=\"col-inner\" style=\"background-color:rgb(180, 8, 13);\" >\n\t\t\t\n\t\t\t\n\t<div id=\"text-2623075061\" class=\"text\">\n\t\t\n<h1>TR\u00c0 S\u1eeeA \u00d4 LONG N\u01af\u1edaNG<\/h1>\n\t\t\n<style>\n#text-2623075061 {\n  color: rgb(255,255,255);\n}\n#text-2623075061 > * {\n  color: rgb(255,255,255);\n}\n<\/style>\n\t<\/div>\n\t\n\t<div id=\"text-3490873332\" class=\"text\">\n\t\t\n<p>Tr\u00e0 s\u1eefa \u00d4 long\u00a0: S\u1eefa k\u1ebft h\u1ee3p v\u1edbi tr\u00e0 \u00d4 long u\u1ed1ng v\u00e0o c\u1ea3m gi\u00e1c ban \u0111\u1ea7u l\u00e0 h\u01b0\u01a1ng\u00a0th\u01a1m b\u00e9o, ng\u1ecdt thanh c\u1ee7a s\u1eefa, v\u1ecb thanh m\u00e1t c\u1ee7a tr\u00e0 \u00d4 long \u0111em l\u1ea1i c\u1ea3m x\u00fac l\u1eafng \u0111\u1ecdng\u00a0tuy\u1ec7t h\u1ea3o.<br \/>\nTr\u00e2n Ch\u00e2u: H\u1ea1t Tr\u00e2n Ch\u00e2u s\u1ed1t n\u01b0\u1edbng \u0111\u01b0\u1ee3c l\u00e0m t\u1eeb b\u1ed9t Konjac n\u00ean\u00a0c\u00f3 \u0111\u1ed9 dai v\u00e0 gi\u00f2n ho\u00e0 quy\u1ec7n h\u01b0\u01a1ng th\u01a1m c\u1ee7a \u0111\u01b0\u1eddng \u0110en, h\u01b0\u01a1ng caramel, v\u1ecb thanh ng\u1ecdt s\u00e1nh d\u1ebbo c\u1ee7a M\u1ea1ch Nha t\u1ea1o n\u00ean Topping Tr\u00e2n Ch\u00e2u \u0111\u01b0\u1eddng \u0111en \u0111\u1eadm \u0111\u00e0 th\u01a1m ngon kh\u00f3 c\u01b0\u1ee1ng.<\/p>\n\t\t\n<style>\n#text-3490873332 {\n  color: rgb(255, 214, 205);\n}\n#text-3490873332 > * {\n  color: rgb(255, 214, 205);\n}\n<\/style>\n\t<\/div>\n\t\n\t<div id=\"gap-907216493\" class=\"gap-element clearfix\" style=\"display:block; height:auto;\">\n\t\t\n<style>\n#gap-907216493 {\n  padding-top: 30px;\n}\n<\/style>\n\t<\/div>\n\t\n\t<div id=\"text-3962065696\" class=\"text product_page_box_price\">\n\t\t\n<p>Hotline h\u1ed7 tr\u1ee3 kh\u00e1ch h\u00e0ng<\/p>\n<p>Chat Zalo 24\/7: <a style=\"color: #fff;\" href=\"tel:0985.232.977\"><strong>0985.232.977<\/strong><\/a><\/p>\n\t\t\n<style>\n#text-3962065696 {\n  color: rgb(255,255,255);\n}\n#text-3962065696 > * {\n  color: rgb(255,255,255);\n}\n<\/style>\n\t<\/div>\n\t\n\t<div id=\"gap-1382883882\" class=\"gap-element clearfix show-for-small\" style=\"display:block; height:auto;\">\n\t\t\n<style>\n#gap-1382883882 {\n  padding-top: 140px;\n}\n@media (min-width:550px) {\n  #gap-1382883882 {\n    padding-top: 30px;\n  }\n}\n<\/style>\n\t<\/div>\n\t\n\t\t<\/div>\n\t\t\t\t\t<\/div>\n\n\t\n\n\t<div id=\"col-842301651\" class=\"col medium-5 small-10 large-5\"  >\n\t\t\t\t<div class=\"col-inner\"  >\n\t\t\t\n\t\t\t\n\t<div class=\"img has-hover x md-x lg-x y md-y lg-y\" id=\"image_417107789\">\n\t\t\t\t\t\t\t\t<div class=\"img-inner dark\" style=\"margin:0px 30px 0px 0px;\">\n\t\t\t<img loading=\"lazy\" decoding=\"async\" width=\"600\" height=\"500\" src=\"https:\/\/banfb.vn\/wp-content\/uploads\/2024\/04\/mieng-socola.png\" class=\"attachment-original size-original\" alt=\"\" srcset=\"https:\/\/banfb.vn\/wp-content\/uploads\/2024\/04\/mieng-socola.png 600w, https:\/\/banfb.vn\/wp-content\/uploads\/2024\/04\/mieng-socola-300x250.png 300w\" sizes=\"auto, (max-width: 600px) 100vw, 600px\" \/>\t\t\t\t\t\t\n\t\t\t\t\t<\/div>\n\t\t\t\t\t\t\t\t\n<style>\n#image_417107789 {\n  width: 100%;\n}\n@media (min-width:850px) {\n  #image_417107789 {\n    width: 100%;\n  }\n}\n<\/style>\n\t<\/div>\n\t\n\t\t<\/div>\n\t\t\t\t\n<style>\n#col-842301651 > .col-inner {\n  margin: -150px 0px 0px 0px;\n}\n@media (min-width:550px) {\n  #col-842301651 > .col-inner {\n    margin: -150px 0px 0px 0px;\n  }\n}\n<\/style>\n\t<\/div>\n\n\t\n\n<style>\n#row-16614339 > .col > .col-inner {\n  border-radius: 10px;\n}\n<\/style>\n<\/div>\n\t\t<\/div>\n\t\t\t\t\t<\/div>\n\n\t\n<\/div>\n\t\t<\/div>\n\n\t\t\n<style>\n#section_1070462460 {\n  padding-top: 0px;\n  padding-bottom: 0px;\n}\n<\/style>\n\t<\/section>\n\t\n","protected":false},"excerpt":{"rendered":"","protected":false},"featured_media":4006,"comment_status":"open","ping_status":"closed","template":"","meta":[],"product_brand":[],"product_cat":[106],"product_tag":[],"class_list":{"0":"post-2892","1":"product","2":"type-product","3":"status-publish","4":"has-post-thumbnail","6":"product_cat-tra-sua","8":"first","9":"instock","10":"shipping-taxable","11":"product-type-simple"},"_links":{"self":[{"href":"https:\/\/banfb.vn\/en\/wp-json\/wp\/v2\/product\/2892","targetHints":{"allow":["GET"]}}],"collection":[{"href":"https:\/\/banfb.vn\/en\/wp-json\/wp\/v2\/product"}],"about":[{"href":"https:\/\/banfb.vn\/en\/wp-json\/wp\/v2\/types\/product"}],"replies":[{"embeddable":true,"href":"https:\/\/banfb.vn\/en\/wp-json\/wp\/v2\/comments?post=2892"}],"wp:featuredmedia":[{"embeddable":true,"href":"https:\/\/banfb.vn\/en\/wp-json\/wp\/v2\/media\/4006"}],"wp:attachment":[{"href":"https:\/\/banfb.vn\/en\/wp-json\/wp\/v2\/media?parent=2892"}],"wp:term":[{"taxonomy":"product_brand","embeddable":true,"href":"https:\/\/banfb.vn\/en\/wp-json\/wp\/v2\/product_brand?post=2892"},{"taxonomy":"product_cat","embeddable":true,"href":"https:\/\/banfb.vn\/en\/wp-json\/wp\/v2\/product_cat?post=2892"},{"taxonomy":"product_tag","embeddable":true,"href":"https:\/\/banfb.vn\/en\/wp-json\/wp\/v2\/product_tag?post=2892"}],"curies":[{"name":"wp","href":"https:\/\/api.w.org\/{rel}","templated":true}]}}