{"id":3022,"date":"2024-04-27T12:02:28","date_gmt":"2024-04-27T05:02:28","guid":{"rendered":"https:\/\/banfb.vn\/?post_type=product&#038;p=3022"},"modified":"2024-07-31T18:10:12","modified_gmt":"2024-07-31T11:10:12","slug":"cappuccino-gold-box","status":"publish","type":"product","link":"https:\/\/banfb.vn\/en\/san-pham\/cappuccino-gold-box\/","title":{"rendered":"CAPPUCCINO GOLD BOX"},"content":{"rendered":"\t<section class=\"section dark\" id=\"section_1656080122\">\n\t\t<div class=\"bg section-bg fill bg-fill  \" >\n\n\t\t\t\n\t\t\t\n\t\t\t\n\n\t\t<\/div>\n\n\t\t\n\n\t\t<div class=\"section-content relative\">\n\t\t\t\r\n\r\n<div class=\"row align-center\"  id=\"row-1438226097\">\r\n\r\n\n\t<div id=\"col-955998302\" class=\"col medium-6 small-12 large-6\"  >\n\t\t\t\t<div class=\"col-inner\"  >\n\t\t\t\n\t\t\t\r\n\r\n\t<div id=\"gap-796806701\" class=\"gap-element clearfix\" style=\"display:block; height:auto;\">\n\t\t\n<style>\n#gap-796806701 {\n  padding-top: 30px;\n}\n<\/style>\n\t<\/div>\n\t\r\n\r\n\t<div id=\"text-526921621\" class=\"text\">\n\t\t\r\n<h2>CAPUCHINO<\/h2>\r\n\t\t\n<style>\n#text-526921621 {\n  text-align: center;\n  color: rgb(255, 255, 255);\n}\n#text-526921621 > * {\n  color: rgb(255, 255, 255);\n}\n<\/style>\n\t<\/div>\n\t\r\n\t<div id=\"text-2578274706\" class=\"text\">\n\t\t\r\n\r\nCappuccino is an extremely unique milk coffee product, designed in many different colors. With selected coffee beans and pure fresh milk, we promise to bring excellent cappuccino boxes to customers.\r\n\r\n\t\t\n<style>\n#text-2578274706 {\n  font-size: 0.95rem;\n  text-align: center;\n  color: rgb(255, 216, 157);\n}\n#text-2578274706 > * {\n  color: rgb(255, 216, 157);\n}\n<\/style>\n\t<\/div>\n\t\r\n\r\n\t\t<\/div>\n\t\t\t\t\t<\/div>\n\n\t\r\n\r\n<\/div>\r\n\r\n\t\t<\/div>\n\n\t\t\n<style>\n#section_1656080122 {\n  padding-top: 30px;\n  padding-bottom: 30px;\n}\n#section_1656080122 .section-bg.bg-loaded {\n  background-image: url(https:\/\/banfb.vn\/wp-content\/uploads\/2024\/04\/bg-danh-muc-capuchino.jpeg);\n}\n<\/style>\n\t<\/section>\n\t\r\n\t<section class=\"section\" id=\"section_159597743\">\n\t\t<div class=\"bg section-bg fill bg-fill  bg-loaded\" >\n\n\t\t\t\n\t\t\t\n\t\t\t\n\n\t\t<\/div>\n\n\t\t\n\n\t\t<div class=\"section-content relative\">\n\t\t\t\r\n\r\n<div class=\"row\"  id=\"row-1238547204\">\r\n\r\n\n\t<div id=\"col-347618920\" class=\"col pdbt-0 small-12 large-12\"  >\n\t\t\t\t<div class=\"col-inner\"  >\n\t\t\t\n\t\t\t\r\n\r\n\t<div id=\"text-1105486757\" class=\"text custom_title_border_left\">\n\t\t\r\n\r\n<strong><a href=\"\/\">TRANG CH\u1ee6<\/a> \/ DANH M\u1ee4C S\u1ea2N PH\u1ea8M \/ <a href=\"\/cappuccino\">CAPUCCINO<\/a><\/strong>\r\n\r\n\t\t\n<style>\n#text-1105486757 {\n  color: #502800;\n}\n#text-1105486757 > * {\n  color: #502800;\n}\n<\/style>\n\t<\/div>\n\t\r\n\r\n\t\t<\/div>\n\t\t\t\t\t<\/div>\n\n\t\r\n\r\n<\/div>\r\n\r\n\t\t<\/div>\n\n\t\t\n<style>\n#section_159597743 {\n  padding-top: 30px;\n  padding-bottom: 30px;\n}\n<\/style>\n\t<\/section>\n\t\n\t<section class=\"section\" id=\"section_1298350810\">\n\t\t<div class=\"bg section-bg fill bg-fill  bg-loaded\" >\n\n\t\t\t\n\t\t\t\n\t\t\t\n\n\t\t<\/div>\n\n\t\t\n\n\t\t<div class=\"section-content relative\">\n\t\t\t\n\t<div id=\"gap-1142388278\" class=\"gap-element clearfix\" style=\"display:block; height:auto;\">\n\t\t\n<style>\n#gap-1142388278 {\n  padding-top: 0px;\n}\n@media (min-width:550px) {\n  #gap-1142388278 {\n    padding-top: 30px;\n  }\n}\n<\/style>\n\t<\/div>\n\t\n<div class=\"row row-large align-center\"  id=\"row-170497892\">\n\n\t<div id=\"col-846740501\" class=\"col medium-4 small-12 large-3\"  >\n\t\t\t\t<div class=\"col-inner\"  >\n\t\t\t\n\t\t\t\n\n\t\t<\/div>\n\t\t\t\t\t<\/div>\n\n\t\n\n\t<div id=\"col-1404745879\" class=\"col medium-8 small-12 large-7\"  >\n\t\t\t\t<div class=\"col-inner\"  >\n\t\t\t\n\t\t\t\n<div class=\"row align-right\"  id=\"row-1713900306\">\n\n\t<div id=\"col-966290655\" class=\"col banner_product pdbt-0 small-12 large-12\"  >\n\t\t\t\t<div class=\"col-inner\" style=\"background-color:rgb(171, 142, 74);\" >\n\t\t\t\n\t\t\t\n\t<div id=\"text-3098204734\" class=\"text\">\n\t\t\n<h1>CAPPUCCINO GOLD BOX<\/h1>\n\t\t\n<style>\n#text-3098204734 {\n  color: rgb(255,255,255);\n}\n#text-3098204734 > * {\n  color: rgb(255,255,255);\n}\n<\/style>\n\t<\/div>\n\t\n\t<div id=\"text-2912436392\" class=\"text\">\n\t\t\n<p>Ngo\u00e0i s\u1ea3n ph\u1ea9m\u00a0Capuchino\u00a0truy\u1ec1n th\u1ed1ng, B\u1ea3n C\u00e0 Ph\u00ea \u0111\u00e3 nghi\u00ean c\u1ee9u v\u00e0 \u0111\u01b0a ra th\u1ecb tr\u01b0\u1eddng th\u00eam hai s\u1ea3n ph\u1ea9m k\u1ebft h\u1ee3p c\u00f9ng h\u1ea1t d\u1ebb c\u01b0\u1eddi v\u00e0 h\u1ea1t \u00f3c ch\u00f3. \u0110i k\u00e8m v\u1edbi s\u1ef1 \u0111\u1eafng nh\u1eb9 v\u00e0 ng\u1ecdt thanh c\u1ee7a c\u00e0 ph\u00ea \u0111em l\u1ea1i v\u1ecb th\u01a1m \u0111\u1eb7c tr\u01b0ng, v\u1ecb ng\u1eady c\u1ee7a h\u1ea1t \u00f3c ch\u00f3 v\u00e0 v\u1ecb b\u00e9o m\u00e0 kh\u00f4ng ng\u1ea5y c\u1ee7a h\u1ea1t d\u1ebb c\u01b0\u1eddi. V\u1edbi s\u1ef1 s\u00e1ng t\u1ea1o n\u00e0y, Capuchino \u0111\u00e3 n\u00e2ng l\u00ean t\u1ea7m cao m\u1edbi, h\u01b0\u01a1ng v\u1ecb m\u1edbi.<\/p>\n\t\t\n<style>\n#text-2912436392 {\n  color: rgb(75, 27, 0);\n}\n#text-2912436392 > * {\n  color: rgb(75, 27, 0);\n}\n<\/style>\n\t<\/div>\n\t\n\t<div id=\"gap-2009747558\" class=\"gap-element clearfix\" style=\"display:block; height:auto;\">\n\t\t\n<style>\n#gap-2009747558 {\n  padding-top: 30px;\n}\n<\/style>\n\t<\/div>\n\t\n\t<div id=\"text-2128910329\" class=\"text product_page_box_price\">\n\t\t\n<p>Hotline h\u1ed7 tr\u1ee3 kh\u00e1ch h\u00e0ng<\/p>\n<p>Chat Zalo 24\/7: <a style=\"color: #fff;\" href=\"tel:0918001096\"><strong>0918.001.096<\/strong><\/a><\/p>\n\t\t\n<style>\n#text-2128910329 {\n  color: rgb(255,255,255);\n}\n#text-2128910329 > * {\n  color: rgb(255,255,255);\n}\n<\/style>\n\t<\/div>\n\t\n\t<div id=\"gap-1648011010\" class=\"gap-element clearfix show-for-small\" style=\"display:block; height:auto;\">\n\t\t\n<style>\n#gap-1648011010 {\n  padding-top: 140px;\n}\n@media (min-width:550px) {\n  #gap-1648011010 {\n    padding-top: 30px;\n  }\n}\n<\/style>\n\t<\/div>\n\t\n\t\t<\/div>\n\t\t\t\t\t<\/div>\n\n\t\n\n\t<div id=\"col-1345423890\" class=\"col medium-6 small-12 large-6\"  >\n\t\t\t\t<div class=\"col-inner\"  >\n\t\t\t\n\t\t\t\n\t<div class=\"img has-hover x md-x lg-x y md-y lg-y\" id=\"image_1289037869\">\n\t\t\t\t\t\t\t\t<div class=\"img-inner dark\" style=\"margin:0px 30px 0px 0px;\">\n\t\t\t<img loading=\"lazy\" decoding=\"async\" width=\"600\" height=\"450\" src=\"https:\/\/banfb.vn\/wp-content\/uploads\/2024\/04\/tach-ca-phe-03.png\" class=\"attachment-original size-original\" alt=\"\" srcset=\"https:\/\/banfb.vn\/wp-content\/uploads\/2024\/04\/tach-ca-phe-03.png 600w, https:\/\/banfb.vn\/wp-content\/uploads\/2024\/04\/tach-ca-phe-03-300x225.png 300w\" sizes=\"auto, (max-width: 600px) 100vw, 600px\" \/>\t\t\t\t\t\t\n\t\t\t\t\t<\/div>\n\t\t\t\t\t\t\t\t\n<style>\n#image_1289037869 {\n  width: 100%;\n}\n@media (min-width:850px) {\n  #image_1289037869 {\n    width: 100%;\n  }\n}\n<\/style>\n\t<\/div>\n\t\n\t\t<\/div>\n\t\t\t\t\n<style>\n#col-1345423890 > .col-inner {\n  margin: -150px 0px 0px 0px;\n}\n@media (min-width:550px) {\n  #col-1345423890 > .col-inner {\n    margin: -150px 0px 0px 0px;\n  }\n}\n<\/style>\n\t<\/div>\n\n\t\n\n<style>\n#row-1713900306 > .col > .col-inner {\n  border-radius: 10px;\n}\n<\/style>\n<\/div>\n\t\t<\/div>\n\t\t\t\t\t<\/div>\n\n\t\n<\/div>\n\t\t<\/div>\n\n\t\t\n<style>\n#section_1298350810 {\n  padding-top: 0px;\n  padding-bottom: 0px;\n}\n<\/style>\n\t<\/section>\n\t\n","protected":false},"excerpt":{"rendered":"","protected":false},"featured_media":3198,"comment_status":"open","ping_status":"closed","template":"","meta":[],"product_brand":[],"product_cat":[71],"product_tag":[],"class_list":{"0":"post-3022","1":"product","2":"type-product","3":"status-publish","4":"has-post-thumbnail","6":"product_cat-san-pham-khac","8":"first","9":"instock","10":"shipping-taxable","11":"product-type-simple"},"_links":{"self":[{"href":"https:\/\/banfb.vn\/en\/wp-json\/wp\/v2\/product\/3022","targetHints":{"allow":["GET"]}}],"collection":[{"href":"https:\/\/banfb.vn\/en\/wp-json\/wp\/v2\/product"}],"about":[{"href":"https:\/\/banfb.vn\/en\/wp-json\/wp\/v2\/types\/product"}],"replies":[{"embeddable":true,"href":"https:\/\/banfb.vn\/en\/wp-json\/wp\/v2\/comments?post=3022"}],"wp:featuredmedia":[{"embeddable":true,"href":"https:\/\/banfb.vn\/en\/wp-json\/wp\/v2\/media\/3198"}],"wp:attachment":[{"href":"https:\/\/banfb.vn\/en\/wp-json\/wp\/v2\/media?parent=3022"}],"wp:term":[{"taxonomy":"product_brand","embeddable":true,"href":"https:\/\/banfb.vn\/en\/wp-json\/wp\/v2\/product_brand?post=3022"},{"taxonomy":"product_cat","embeddable":true,"href":"https:\/\/banfb.vn\/en\/wp-json\/wp\/v2\/product_cat?post=3022"},{"taxonomy":"product_tag","embeddable":true,"href":"https:\/\/banfb.vn\/en\/wp-json\/wp\/v2\/product_tag?post=3022"}],"curies":[{"name":"wp","href":"https:\/\/api.w.org\/{rel}","templated":true}]}}