{"id":3448,"date":"2024-08-07T15:37:19","date_gmt":"2024-08-07T08:37:19","guid":{"rendered":"https:\/\/banfb.vn\/?post_type=product&#038;p=3448"},"modified":"2025-05-05T11:20:14","modified_gmt":"2025-05-05T04:20:14","slug":"ca-phe-h1-robusta","status":"publish","type":"product","link":"https:\/\/banfb.vn\/en\/san-pham\/ca-phe-h1-robusta\/","title":{"rendered":"C\u00c0 PH\u00ca H1 Robusta"},"content":{"rendered":"\t<section class=\"section dark\" id=\"section_360359720\">\n\t\t<div class=\"bg section-bg fill bg-fill  \" >\n\n\t\t\t\n\t\t\t\n\t\t\t\n\n\t\t<\/div>\n\n\t\t\n\n\t\t<div class=\"section-content relative\">\n\t\t\t\r\n\r\n<div class=\"row align-center\"  id=\"row-1323419219\">\r\n\r\n\n\t<div id=\"col-1942428586\" class=\"col medium-6 small-12 large-6\"  >\n\t\t\t\t<div class=\"col-inner\"  >\n\t\t\t\n\t\t\t\r\n\r\n\t<div id=\"gap-79498013\" class=\"gap-element clearfix\" style=\"display:block; height:auto;\">\n\t\t\n<style>\n#gap-79498013 {\n  padding-top: 30px;\n}\n<\/style>\n\t<\/div>\n\t\r\n\r\n\t<div id=\"text-1942841725\" class=\"text\">\n\t\t\r\n<h2>INSTANT COFFEE BAN F&amp;B<\/h2>\r\n\t\t\n<style>\n#text-1942841725 {\n  text-align: center;\n  color: rgb(255, 255, 255);\n}\n#text-1942841725 > * {\n  color: rgb(255, 255, 255);\n}\n<\/style>\n\t<\/div>\n\t\r\n\t<div id=\"text-240899378\" class=\"text\">\n\t\t\r\n\r\nThis is our outstanding product line. Made from delicious Dak Lak coffee beans, through elaborate processing, creating a product with a unique, unique flavor that combines the unique taste of pure coffee with the gentle scent of milk.\r\n\r\n\t\t\n<style>\n#text-240899378 {\n  font-size: 0.95rem;\n  text-align: center;\n  color: rgb(252, 174, 97);\n}\n#text-240899378 > * {\n  color: rgb(252, 174, 97);\n}\n<\/style>\n\t<\/div>\n\t\r\n\r\n\t\t<\/div>\n\t\t\t\t\t<\/div>\n\n\t\r\n\r\n<\/div>\r\n\r\n\t\t<\/div>\n\n\t\t\n<style>\n#section_360359720 {\n  padding-top: 30px;\n  padding-bottom: 30px;\n}\n#section_360359720 .section-bg.bg-loaded {\n  background-image: url(https:\/\/banfb.vn\/wp-content\/uploads\/2024\/04\/banner-danh-muc-ca-phe-hoa-tan.jpeg);\n}\n<\/style>\n\t<\/section>\n\t\r\n\t<section class=\"section\" id=\"section_456311239\">\n\t\t<div class=\"bg section-bg fill bg-fill  bg-loaded\" >\n\n\t\t\t\n\t\t\t\n\t\t\t\n\n\t\t<\/div>\n\n\t\t\n\n\t\t<div class=\"section-content relative\">\n\t\t\t\r\n\r\n<div class=\"row\"  id=\"row-1359277972\">\r\n\r\n\n\t<div id=\"col-1165765046\" class=\"col pdbt-0 small-12 large-12\"  >\n\t\t\t\t<div class=\"col-inner\"  >\n\t\t\t\n\t\t\t\r\n\r\n\t<div id=\"text-3973202197\" class=\"text custom_title_border_left\">\n\t\t\r\n\r\n<strong><a href=\"\/\">HOME PAGE<\/a> \/ PRODUCT PORTFOLIO \/ <a href=\"\/?page_id=2852\">INSTANT COFFEE<\/a><\/strong>\r\n\r\n\t\t\n<style>\n#text-3973202197 {\n  color: #502800;\n}\n#text-3973202197 > * {\n  color: #502800;\n}\n<\/style>\n\t<\/div>\n\t\r\n\r\n\t\t<\/div>\n\t\t\t\t\t<\/div>\n\n\t\r\n\r\n<\/div>\r\n\r\n\t\t<\/div>\n\n\t\t\n<style>\n#section_456311239 {\n  padding-top: 30px;\n  padding-bottom: 30px;\n}\n<\/style>\n\t<\/section>\n\t\n\t<section class=\"section\" id=\"section_402471217\">\n\t\t<div class=\"bg section-bg fill bg-fill  bg-loaded\" >\n\n\t\t\t\n\t\t\t\n\t\t\t\n\n\t\t<\/div>\n\n\t\t\n\n\t\t<div class=\"section-content relative\">\n\t\t\t\n\t<div id=\"gap-398903778\" class=\"gap-element clearfix\" style=\"display:block; height:auto;\">\n\t\t\n<style>\n#gap-398903778 {\n  padding-top: 0px;\n}\n@media (min-width:550px) {\n  #gap-398903778 {\n    padding-top: 30px;\n  }\n}\n<\/style>\n\t<\/div>\n\t\n<div class=\"row row-large align-center\"  id=\"row-454271324\">\n\n\t<div id=\"col-1363458015\" class=\"col medium-4 small-12 large-3\"  >\n\t\t\t\t<div class=\"col-inner\"  >\n\t\t\t\n\t\t\t\n\n\t\t<\/div>\n\t\t\t\t\t<\/div>\n\n\t\n\n\t<div id=\"col-373279508\" class=\"col medium-8 small-12 large-7\"  >\n\t\t\t\t<div class=\"col-inner\"  >\n\t\t\t\n\t\t\t\n<div class=\"row align-right\"  id=\"row-839848183\">\n\n\t<div id=\"col-1835816631\" class=\"col banner_product pdbt-0 small-12 large-12\"  >\n\t\t\t\t<div class=\"col-inner\" style=\"background-color:rgb(28, 108, 91);\" >\n\t\t\t\n\t\t\t\n\t<div id=\"text-2587373405\" class=\"text\">\n\t\t\n<h1>C\u00e0 Ph\u00ea H1 Robusta<\/h1>\n\t\t\n<style>\n#text-2587373405 {\n  color: rgb(255,255,255);\n}\n#text-2587373405 > * {\n  color: rgb(255,255,255);\n}\n<\/style>\n\t<\/div>\n\t\n\t<div id=\"text-3386446757\" class=\"text\">\n\t\t\n<p>C\u00e0 ph\u00ea Rang S\u1ed1 1-H1\u00a0\u0111\u01b0\u1ee3c l\u00e0m t\u1eeb 100% C\u00e0 ph\u00ea Robusta S13, D\u1ea7u, B\u01a1 nh\u1eadp kh\u1ea9u, H\u01b0\u01a1ng li\u1ec7u th\u1ef1c ph\u1ea9m. C\u00e0 ph\u00ea Rang S\u1ed1 1-H1 c\u00f3 h\u01b0\u01a1ng v\u1ecb \u0111\u1eadm \u0111\u00e0, \u0111\u1eafng nh\u1eb9 pha tr\u1ed9n c\u00f9ng h\u01b0\u01a1ng th\u01a1m c\u1ee7a h\u1ea1t c\u00e0 ph\u00ea rang. C\u00e0 ph\u00ea Rang S\u1ed1 1-H1 c\u00f3 gi\u1ea5y c\u00f4ng b\u1ed1, gi\u1ea5y ph\u00e9p an to\u00e0n v\u1ec7 sinh th\u1ef1c ph\u1ea9m.<\/p>\n\t\t\n<style>\n#text-3386446757 {\n  color: rgb(47, 255, 193);\n}\n#text-3386446757 > * {\n  color: rgb(47, 255, 193);\n}\n<\/style>\n\t<\/div>\n\t\n\t<div id=\"gap-812872164\" class=\"gap-element clearfix\" style=\"display:block; height:auto;\">\n\t\t\n<style>\n#gap-812872164 {\n  padding-top: 30px;\n}\n<\/style>\n\t<\/div>\n\t\n\t<div id=\"text-194279779\" class=\"text product_page_box_price\">\n\t\t\n<p>Hotline h\u1ed7 tr\u1ee3 kh\u00e1ch h\u00e0ng<\/p>\n<p>Chat Zalo 24\/7: <a style=\"color: #fff;\" href=\"tel:0918001096\"><strong>0918.001.096<\/strong><\/a><br \/>\n\t\t\n<style>\n#text-194279779 {\n  color: rgb(255,255,255);\n}\n#text-194279779 > * {\n  color: rgb(255,255,255);\n}\n<\/style>\n\t<\/div>\n\t\n\t<div id=\"gap-1888323302\" class=\"gap-element clearfix show-for-small\" style=\"display:block; height:auto;\">\n\t\t\n<style>\n#gap-1888323302 {\n  padding-top: 140px;\n}\n@media (min-width:550px) {\n  #gap-1888323302 {\n    padding-top: 30px;\n  }\n}\n<\/style>\n\t<\/div>\n\t\n\t\t<\/div>\n\t\t\t\t\t<\/div>\n\n\t\n\n\t<div id=\"col-809805271\" class=\"col medium-7 small-12 large-7\"  >\n\t\t\t\t<div class=\"col-inner\"  >\n\t\t\t\n\t\t\t\n\t<div class=\"img has-hover x md-x lg-x y md-y lg-y\" id=\"image_1186312915\">\n\t\t\t\t\t\t\t\t<div class=\"img-inner dark\" style=\"margin:0px 30px 0px 0px;\">\n\t\t\t<img loading=\"lazy\" decoding=\"async\" width=\"800\" height=\"700\" src=\"https:\/\/banfb.vn\/wp-content\/uploads\/2024\/04\/ly-ca-phe-3-in-1-special.png\" class=\"attachment-original size-original\" alt=\"\" srcset=\"https:\/\/banfb.vn\/wp-content\/uploads\/2024\/04\/ly-ca-phe-3-in-1-special.png 800w, https:\/\/banfb.vn\/wp-content\/uploads\/2024\/04\/ly-ca-phe-3-in-1-special-300x263.png 300w, https:\/\/banfb.vn\/wp-content\/uploads\/2024\/04\/ly-ca-phe-3-in-1-special-768x672.png 768w\" sizes=\"auto, (max-width: 800px) 100vw, 800px\" \/>\t\t\t\t\t\t\n\t\t\t\t\t<\/div>\n\t\t\t\t\t\t\t\t\n<style>\n#image_1186312915 {\n  width: 100%;\n}\n@media (min-width:850px) {\n  #image_1186312915 {\n    width: 100%;\n  }\n}\n<\/style>\n\t<\/div>\n\t\n\t\t<\/div>\n\t\t\t\t\n<style>\n#col-809805271 > .col-inner {\n  margin: -150px 0px 0px 0px;\n}\n@media (min-width:550px) {\n  #col-809805271 > .col-inner {\n    margin: -150px 0px 0px 0px;\n  }\n}\n<\/style>\n\t<\/div>\n\n\t\n\n<style>\n#row-839848183 > .col > .col-inner {\n  border-radius: 10px;\n}\n<\/style>\n<\/div>\n\t\t<\/div>\n\t\t\t\t\t<\/div>\n\n\t\n<\/div>\n\t\t<\/div>\n\n\t\t\n<style>\n#section_402471217 {\n  padding-top: 0px;\n  padding-bottom: 0px;\n}\n<\/style>\n\t<\/section>\n\t\n","protected":false},"excerpt":{"rendered":"","protected":false},"featured_media":4044,"comment_status":"open","ping_status":"closed","template":"","meta":[],"product_brand":[],"product_cat":[112],"product_tag":[],"class_list":{"0":"post-3448","1":"product","2":"type-product","3":"status-publish","4":"has-post-thumbnail","6":"product_cat-ca-phe-rang-xay","8":"first","9":"instock","10":"shipping-taxable","11":"product-type-simple"},"_links":{"self":[{"href":"https:\/\/banfb.vn\/en\/wp-json\/wp\/v2\/product\/3448","targetHints":{"allow":["GET"]}}],"collection":[{"href":"https:\/\/banfb.vn\/en\/wp-json\/wp\/v2\/product"}],"about":[{"href":"https:\/\/banfb.vn\/en\/wp-json\/wp\/v2\/types\/product"}],"replies":[{"embeddable":true,"href":"https:\/\/banfb.vn\/en\/wp-json\/wp\/v2\/comments?post=3448"}],"wp:featuredmedia":[{"embeddable":true,"href":"https:\/\/banfb.vn\/en\/wp-json\/wp\/v2\/media\/4044"}],"wp:attachment":[{"href":"https:\/\/banfb.vn\/en\/wp-json\/wp\/v2\/media?parent=3448"}],"wp:term":[{"taxonomy":"product_brand","embeddable":true,"href":"https:\/\/banfb.vn\/en\/wp-json\/wp\/v2\/product_brand?post=3448"},{"taxonomy":"product_cat","embeddable":true,"href":"https:\/\/banfb.vn\/en\/wp-json\/wp\/v2\/product_cat?post=3448"},{"taxonomy":"product_tag","embeddable":true,"href":"https:\/\/banfb.vn\/en\/wp-json\/wp\/v2\/product_tag?post=3448"}],"curies":[{"name":"wp","href":"https:\/\/api.w.org\/{rel}","templated":true}]}}