{"id":3457,"date":"2024-08-07T15:57:11","date_gmt":"2024-08-07T08:57:11","guid":{"rendered":"https:\/\/banfb.vn\/?post_type=product&#038;p=3457"},"modified":"2025-05-05T11:11:04","modified_gmt":"2025-05-05T04:11:04","slug":"ca-phe-r2-culi-robusta","status":"publish","type":"product","link":"https:\/\/banfb.vn\/en\/san-pham\/ca-phe-r2-culi-robusta\/","title":{"rendered":"C\u00c0 PH\u00ca R2 Culi Robusta"},"content":{"rendered":"\t<section class=\"section dark\" id=\"section_1658041495\">\n\t\t<div class=\"bg section-bg fill bg-fill  \" >\n\n\t\t\t\n\t\t\t\n\t\t\t\n\n\t\t<\/div>\n\n\t\t\n\n\t\t<div class=\"section-content relative\">\n\t\t\t\r\n\r\n<div class=\"row align-center\"  id=\"row-987365374\">\r\n\r\n\n\t<div id=\"col-1191849861\" class=\"col medium-6 small-12 large-6\"  >\n\t\t\t\t<div class=\"col-inner\"  >\n\t\t\t\n\t\t\t\r\n\r\n\t<div id=\"gap-1105940635\" class=\"gap-element clearfix\" style=\"display:block; height:auto;\">\n\t\t\n<style>\n#gap-1105940635 {\n  padding-top: 30px;\n}\n<\/style>\n\t<\/div>\n\t\r\n\r\n\t<div id=\"text-2502378697\" class=\"text\">\n\t\t\r\n<h2>INSTANT COFFEE BAN F&amp;B<\/h2>\r\n\t\t\n<style>\n#text-2502378697 {\n  text-align: center;\n  color: rgb(255, 255, 255);\n}\n#text-2502378697 > * {\n  color: rgb(255, 255, 255);\n}\n<\/style>\n\t<\/div>\n\t\r\n\t<div id=\"text-2617508089\" class=\"text\">\n\t\t\r\n\r\nThis is our outstanding product line. Made from delicious Dak Lak coffee beans, through elaborate processing, creating a product with a unique, unique flavor that combines the unique taste of pure coffee with the gentle scent of milk.\r\n\r\n\t\t\n<style>\n#text-2617508089 {\n  font-size: 0.95rem;\n  text-align: center;\n  color: rgb(252, 174, 97);\n}\n#text-2617508089 > * {\n  color: rgb(252, 174, 97);\n}\n<\/style>\n\t<\/div>\n\t\r\n\r\n\t\t<\/div>\n\t\t\t\t\t<\/div>\n\n\t\r\n\r\n<\/div>\r\n\r\n\t\t<\/div>\n\n\t\t\n<style>\n#section_1658041495 {\n  padding-top: 30px;\n  padding-bottom: 30px;\n}\n#section_1658041495 .section-bg.bg-loaded {\n  background-image: url(https:\/\/banfb.vn\/wp-content\/uploads\/2024\/04\/banner-danh-muc-ca-phe-hoa-tan.jpeg);\n}\n<\/style>\n\t<\/section>\n\t\r\n\t<section class=\"section\" id=\"section_780572897\">\n\t\t<div class=\"bg section-bg fill bg-fill  bg-loaded\" >\n\n\t\t\t\n\t\t\t\n\t\t\t\n\n\t\t<\/div>\n\n\t\t\n\n\t\t<div class=\"section-content relative\">\n\t\t\t\r\n\r\n<div class=\"row\"  id=\"row-288850639\">\r\n\r\n\n\t<div id=\"col-771739877\" class=\"col pdbt-0 small-12 large-12\"  >\n\t\t\t\t<div class=\"col-inner\"  >\n\t\t\t\n\t\t\t\r\n\r\n\t<div id=\"text-2462001500\" class=\"text custom_title_border_left\">\n\t\t\r\n\r\n<strong><a href=\"\/\">HOME PAGE<\/a> \/ PRODUCT PORTFOLIO \/ <a href=\"\/?page_id=2852\">INSTANT COFFEE<\/a><\/strong>\r\n\r\n\t\t\n<style>\n#text-2462001500 {\n  color: #502800;\n}\n#text-2462001500 > * {\n  color: #502800;\n}\n<\/style>\n\t<\/div>\n\t\r\n\r\n\t\t<\/div>\n\t\t\t\t\t<\/div>\n\n\t\r\n\r\n<\/div>\r\n\r\n\t\t<\/div>\n\n\t\t\n<style>\n#section_780572897 {\n  padding-top: 30px;\n  padding-bottom: 30px;\n}\n<\/style>\n\t<\/section>\n\t\n\t<section class=\"section\" id=\"section_2108702696\">\n\t\t<div class=\"bg section-bg fill bg-fill  bg-loaded\" >\n\n\t\t\t\n\t\t\t\n\t\t\t\n\n\t\t<\/div>\n\n\t\t\n\n\t\t<div class=\"section-content relative\">\n\t\t\t\n\t<div id=\"gap-1146299801\" class=\"gap-element clearfix\" style=\"display:block; height:auto;\">\n\t\t\n<style>\n#gap-1146299801 {\n  padding-top: 0px;\n}\n@media (min-width:550px) {\n  #gap-1146299801 {\n    padding-top: 30px;\n  }\n}\n<\/style>\n\t<\/div>\n\t\n<div class=\"row row-large align-center\"  id=\"row-2081923794\">\n\n\t<div id=\"col-1327934143\" class=\"col medium-4 small-12 large-3\"  >\n\t\t\t\t<div class=\"col-inner\"  >\n\t\t\t\n\t\t\t\n\n\t\t<\/div>\n\t\t\t\t\t<\/div>\n\n\t\n\n\t<div id=\"col-90528938\" class=\"col medium-8 small-12 large-7\"  >\n\t\t\t\t<div class=\"col-inner\"  >\n\t\t\t\n\t\t\t\n<div class=\"row align-right\"  id=\"row-25362588\">\n\n\t<div id=\"col-895088765\" class=\"col banner_product pdbt-0 small-12 large-12\"  >\n\t\t\t\t<div class=\"col-inner\" style=\"background-color:rgb(28, 108, 91);\" >\n\t\t\t\n\t\t\t\n\t<div id=\"text-413463206\" class=\"text\">\n\t\t\n<h1>C\u00e0 Ph\u00ea H1 Robusta<\/h1>\n\t\t\n<style>\n#text-413463206 {\n  color: rgb(255,255,255);\n}\n#text-413463206 > * {\n  color: rgb(255,255,255);\n}\n<\/style>\n\t<\/div>\n\t\n\t<div id=\"text-2577736805\" class=\"text\">\n\t\t\n<p>C\u00e0 ph\u00ea\u00a0nh\u00e2n\u00a0Culi Robusta\u00a0l\u00e0 d\u00f2ng\u00a0c\u00e0 ph\u00ea\u00a0\u0111\u1ed9t bi\u1ebfn, t\u1ea5t nhi\u00ean c\u00f3 h\u01b0\u01a1ng v\u1ecb kh\u00e1c bi\u1ec7t v\u1edbi h\u1ea1t\u00a0c\u00e0 ph\u00ea Robusta b\u00ecnh th\u01b0\u1eddng, c\u00e1c h\u1ea1t \u0111\u1ed9t bi\u1ebfn n\u1ea7y c\u00f3 \u01b0u th\u1ebf ri\u00eang, h\u01b0\u01a1ng th\u01a1m t\u1ed1t h\u01a1n, thi\u00ean v\u1ec1 m\u00f9i hoa qu\u1ea3 ch\u00edn m\u00f9i th\u1ea3o d\u01b0\u1ee3c, m\u00f9i m\u1ea1ch nha xen l\u1eabn r\u1ea5t nh\u1eb9 v\u00e0 tinh t\u1ebf m\u00f9i s\u00f4 c\u00f4 la b\u00e1nh m\u00ec ch\u00e1y n\u00ean m\u00f9i th\u01a1m kh\u00e1 h\u1ea5p d\u1eabn.<\/p>\n\t\t\n<style>\n#text-2577736805 {\n  color: rgb(47, 255, 193);\n}\n#text-2577736805 > * {\n  color: rgb(47, 255, 193);\n}\n<\/style>\n\t<\/div>\n\t\n\t<div id=\"gap-333926328\" class=\"gap-element clearfix\" style=\"display:block; height:auto;\">\n\t\t\n<style>\n#gap-333926328 {\n  padding-top: 30px;\n}\n<\/style>\n\t<\/div>\n\t\n\t<div id=\"text-3306190410\" class=\"text product_page_box_price\">\n\t\t\n<p>Hotline h\u1ed7 tr\u1ee3 kh\u00e1ch h\u00e0ng<\/p>\n<p>Chat Zalo 24\/7: <a style=\"color: #fff;\" href=\"tel:0918001096\"><strong>0918.001.096<\/strong><\/a><br \/>\n\t\t\n<style>\n#text-3306190410 {\n  color: rgb(255,255,255);\n}\n#text-3306190410 > * {\n  color: rgb(255,255,255);\n}\n<\/style>\n\t<\/div>\n\t\n\t<div id=\"gap-667001878\" class=\"gap-element clearfix show-for-small\" style=\"display:block; height:auto;\">\n\t\t\n<style>\n#gap-667001878 {\n  padding-top: 140px;\n}\n@media (min-width:550px) {\n  #gap-667001878 {\n    padding-top: 30px;\n  }\n}\n<\/style>\n\t<\/div>\n\t\n\t\t<\/div>\n\t\t\t\t\t<\/div>\n\n\t\n\n\t<div id=\"col-684687372\" class=\"col medium-7 small-12 large-7\"  >\n\t\t\t\t<div class=\"col-inner\"  >\n\t\t\t\n\t\t\t\n\t<div class=\"img has-hover x md-x lg-x y md-y lg-y\" id=\"image_1653046898\">\n\t\t\t\t\t\t\t\t<div class=\"img-inner dark\" style=\"margin:0px 30px 0px 0px;\">\n\t\t\t<img loading=\"lazy\" decoding=\"async\" width=\"800\" height=\"700\" src=\"https:\/\/banfb.vn\/wp-content\/uploads\/2024\/04\/ly-ca-phe-3-in-1-special.png\" class=\"attachment-original size-original\" alt=\"\" srcset=\"https:\/\/banfb.vn\/wp-content\/uploads\/2024\/04\/ly-ca-phe-3-in-1-special.png 800w, https:\/\/banfb.vn\/wp-content\/uploads\/2024\/04\/ly-ca-phe-3-in-1-special-300x263.png 300w, https:\/\/banfb.vn\/wp-content\/uploads\/2024\/04\/ly-ca-phe-3-in-1-special-768x672.png 768w\" sizes=\"auto, (max-width: 800px) 100vw, 800px\" \/>\t\t\t\t\t\t\n\t\t\t\t\t<\/div>\n\t\t\t\t\t\t\t\t\n<style>\n#image_1653046898 {\n  width: 100%;\n}\n@media (min-width:850px) {\n  #image_1653046898 {\n    width: 100%;\n  }\n}\n<\/style>\n\t<\/div>\n\t\n\t\t<\/div>\n\t\t\t\t\n<style>\n#col-684687372 > .col-inner {\n  margin: -150px 0px 0px 0px;\n}\n@media (min-width:550px) {\n  #col-684687372 > .col-inner {\n    margin: -150px 0px 0px 0px;\n  }\n}\n<\/style>\n\t<\/div>\n\n\t\n\n<style>\n#row-25362588 > .col > .col-inner {\n  border-radius: 10px;\n}\n<\/style>\n<\/div>\n\t\t<\/div>\n\t\t\t\t\t<\/div>\n\n\t\n<\/div>\n\t\t<\/div>\n\n\t\t\n<style>\n#section_2108702696 {\n  padding-top: 0px;\n  padding-bottom: 0px;\n}\n<\/style>\n\t<\/section>\n\t\n","protected":false},"excerpt":{"rendered":"","protected":false},"featured_media":4038,"comment_status":"open","ping_status":"closed","template":"","meta":[],"product_brand":[],"product_cat":[112],"product_tag":[],"class_list":{"0":"post-3457","1":"product","2":"type-product","3":"status-publish","4":"has-post-thumbnail","6":"product_cat-ca-phe-rang-xay","8":"first","9":"instock","10":"shipping-taxable","11":"product-type-simple"},"_links":{"self":[{"href":"https:\/\/banfb.vn\/en\/wp-json\/wp\/v2\/product\/3457","targetHints":{"allow":["GET"]}}],"collection":[{"href":"https:\/\/banfb.vn\/en\/wp-json\/wp\/v2\/product"}],"about":[{"href":"https:\/\/banfb.vn\/en\/wp-json\/wp\/v2\/types\/product"}],"replies":[{"embeddable":true,"href":"https:\/\/banfb.vn\/en\/wp-json\/wp\/v2\/comments?post=3457"}],"wp:featuredmedia":[{"embeddable":true,"href":"https:\/\/banfb.vn\/en\/wp-json\/wp\/v2\/media\/4038"}],"wp:attachment":[{"href":"https:\/\/banfb.vn\/en\/wp-json\/wp\/v2\/media?parent=3457"}],"wp:term":[{"taxonomy":"product_brand","embeddable":true,"href":"https:\/\/banfb.vn\/en\/wp-json\/wp\/v2\/product_brand?post=3457"},{"taxonomy":"product_cat","embeddable":true,"href":"https:\/\/banfb.vn\/en\/wp-json\/wp\/v2\/product_cat?post=3457"},{"taxonomy":"product_tag","embeddable":true,"href":"https:\/\/banfb.vn\/en\/wp-json\/wp\/v2\/product_tag?post=3457"}],"curies":[{"name":"wp","href":"https:\/\/api.w.org\/{rel}","templated":true}]}}