{"id":3695,"date":"2025-02-28T17:42:56","date_gmt":"2025-02-28T10:42:56","guid":{"rendered":"https:\/\/banfb.vn\/?post_type=product&#038;p=3695"},"modified":"2025-04-24T11:43:24","modified_gmt":"2025-04-24T04:43:24","slug":"ca-phe-hoa-tan-ca-den","status":"publish","type":"product","link":"https:\/\/banfb.vn\/en\/san-pham\/ca-phe-hoa-tan-ca-den\/","title":{"rendered":"C\u00c0 PH\u00ca H\u00d2A TAN \u0110EN"},"content":{"rendered":"\t<section class=\"section dark\" id=\"section_205244113\">\n\t\t<div class=\"bg section-bg fill bg-fill  \" >\n\n\t\t\t\n\t\t\t\n\t\t\t\n\n\t\t<\/div>\n\n\t\t\n\n\t\t<div class=\"section-content relative\">\n\t\t\t\r\n\r\n<div class=\"row align-center\"  id=\"row-764451265\">\r\n\r\n\n\t<div id=\"col-306467085\" class=\"col medium-6 small-12 large-6\"  >\n\t\t\t\t<div class=\"col-inner\"  >\n\t\t\t\n\t\t\t\r\n\r\n\t<div id=\"gap-1965387273\" class=\"gap-element clearfix\" style=\"display:block; height:auto;\">\n\t\t\n<style>\n#gap-1965387273 {\n  padding-top: 30px;\n}\n<\/style>\n\t<\/div>\n\t\r\n\r\n\t<div id=\"text-3584438787\" class=\"text\">\n\t\t\r\n<h2>INSTANT COFFEE BAN F&amp;B<\/h2>\r\n\t\t\n<style>\n#text-3584438787 {\n  text-align: center;\n  color: rgb(255, 255, 255);\n}\n#text-3584438787 > * {\n  color: rgb(255, 255, 255);\n}\n<\/style>\n\t<\/div>\n\t\r\n\t<div id=\"text-2418309836\" class=\"text\">\n\t\t\r\n\r\nThis is our outstanding product line. Made from delicious Dak Lak coffee beans, through elaborate processing, creating a product with a unique, unique flavor that combines the unique taste of pure coffee with the gentle scent of milk.\r\n\r\n\t\t\n<style>\n#text-2418309836 {\n  font-size: 0.95rem;\n  text-align: center;\n  color: rgb(252, 174, 97);\n}\n#text-2418309836 > * {\n  color: rgb(252, 174, 97);\n}\n<\/style>\n\t<\/div>\n\t\r\n\r\n\t\t<\/div>\n\t\t\t\t\t<\/div>\n\n\t\r\n\r\n<\/div>\r\n\r\n\t\t<\/div>\n\n\t\t\n<style>\n#section_205244113 {\n  padding-top: 30px;\n  padding-bottom: 30px;\n}\n#section_205244113 .section-bg.bg-loaded {\n  background-image: url(https:\/\/banfb.vn\/wp-content\/uploads\/2024\/04\/banner-danh-muc-ca-phe-hoa-tan.jpeg);\n}\n<\/style>\n\t<\/section>\n\t\r\n\t<section class=\"section\" id=\"section_2140622476\">\n\t\t<div class=\"bg section-bg fill bg-fill  bg-loaded\" >\n\n\t\t\t\n\t\t\t\n\t\t\t\n\n\t\t<\/div>\n\n\t\t\n\n\t\t<div class=\"section-content relative\">\n\t\t\t\r\n\r\n<div class=\"row\"  id=\"row-871062462\">\r\n\r\n\n\t<div id=\"col-1507315325\" class=\"col pdbt-0 small-12 large-12\"  >\n\t\t\t\t<div class=\"col-inner\"  >\n\t\t\t\n\t\t\t\r\n\r\n\t<div id=\"text-3737194733\" class=\"text custom_title_border_left\">\n\t\t\r\n\r\n<strong><a href=\"\/\">HOME PAGE<\/a> \/ PRODUCT PORTFOLIO \/ <a href=\"\/?page_id=2852\">INSTANT COFFEE<\/a><\/strong>\r\n\r\n\t\t\n<style>\n#text-3737194733 {\n  color: #502800;\n}\n#text-3737194733 > * {\n  color: #502800;\n}\n<\/style>\n\t<\/div>\n\t\r\n\r\n\t\t<\/div>\n\t\t\t\t\t<\/div>\n\n\t\r\n\r\n<\/div>\r\n\r\n\t\t<\/div>\n\n\t\t\n<style>\n#section_2140622476 {\n  padding-top: 30px;\n  padding-bottom: 30px;\n}\n<\/style>\n\t<\/section>\n\t\n\t<section class=\"section\" id=\"section_1985175269\">\n\t\t<div class=\"bg section-bg fill bg-fill  bg-loaded\" >\n\n\t\t\t\n\t\t\t\n\t\t\t\n\n\t\t<\/div>\n\n\t\t\n\n\t\t<div class=\"section-content relative\">\n\t\t\t\n\t<div id=\"gap-1155503449\" class=\"gap-element clearfix\" style=\"display:block; height:auto;\">\n\t\t\n<style>\n#gap-1155503449 {\n  padding-top: 0px;\n}\n@media (min-width:550px) {\n  #gap-1155503449 {\n    padding-top: 30px;\n  }\n}\n<\/style>\n\t<\/div>\n\t\n<div class=\"row row-large align-center\"  id=\"row-754851586\">\n\n\t<div id=\"col-2038694380\" class=\"col medium-4 small-12 large-3\"  >\n\t\t\t\t<div class=\"col-inner\"  >\n\t\t\t\n\t\t\t\n\n\t\t<\/div>\n\t\t\t\t\t<\/div>\n\n\t\n\n\t<div id=\"col-1964772618\" class=\"col medium-8 small-12 large-7\"  >\n\t\t\t\t<div class=\"col-inner\"  >\n\t\t\t\n\t\t\t\n<div class=\"row align-right\"  id=\"row-2048351368\">\n\n\t<div id=\"col-699043558\" class=\"col banner_product pdbt-0 small-12 large-12\"  >\n\t\t\t\t<div class=\"col-inner\" style=\"background-color:rgb(28, 108, 91);\" >\n\t\t\t\n\t\t\t\n\t<div id=\"text-3065100008\" class=\"text\">\n\t\t\n<h1>C\u00c0 PH\u00ca H\u00d2A TAN \u0110EN<\/h1>\n\t\t\n<style>\n#text-3065100008 {\n  color: rgb(255,255,255);\n}\n#text-3065100008 > * {\n  color: rgb(255,255,255);\n}\n<\/style>\n\t<\/div>\n\t\n\t<div id=\"text-3648650623\" class=\"text\">\n\t\t\n<p>B\u1ea1n \u0111ang t\u00ecm ki\u1ebfm m\u1ed9t ly c\u00e0 ph\u00ea \u0111\u1eadm \u0111\u00e0, nguy\u00ean ch\u1ea5t, ti\u1ec7n l\u1ee3i nh\u01b0ng v\u1eabn gi\u1eef \u0111\u01b0\u1ee3c tr\u1ecdn v\u1eb9n tinh hoa c\u00e0 ph\u00ea Vi\u1ec7t? <strong data-start=\"210\" data-end=\"232\">C\u00c0 PH\u00ca H\u00d2A TAN \u0110EN<\/strong> ch\u00ednh l\u00e0 l\u1ef1a ch\u1ecdn ho\u00e0n h\u1ea3o!<\/p>\n<p>\u0110\u01b0\u1ee3c l\u00e0m t\u1eeb 100% c\u00e0 ph\u00ea nguy\u00ean ch\u1ea5t, kh\u00f4ng pha t\u1ea1p, kh\u00f4ng ch\u1ea5t b\u1ea3o qu\u1ea3n, c\u00e0 ph\u00ea h\u00f2a tan \u0111en c\u1ee7a <strong data-start=\"390\" data-end=\"404\">B\u1ea2N C\u00c0 PH\u00ca<\/strong> mang \u0111\u1ebfn h\u01b0\u01a1ng v\u1ecb \u0111\u1eadm \u0111\u00e0, th\u01a1m n\u1ed3ng n\u00e0n, gi\u00fap b\u1ea1n t\u1ec9nh t\u00e1o v\u00e0 tr\u00e0n \u0111\u1ea7y n\u0103ng l\u01b0\u1ee3ng m\u1ed7i ng\u00e0y.<\/p>\n<p><strong data-start=\"532\" data-end=\"558\">Nhanh ch\u00f3ng &amp; ti\u1ec7n l\u1ee3i<\/strong> \u2013 Ch\u1ec9 c\u1ea7n 1 ph\u00fat \u0111\u1ec3 pha ch\u1ebf.<br data-start=\"587\" data-end=\"590\" \/><strong data-start=\"593\" data-end=\"616\">H\u01b0\u01a1ng v\u1ecb nguy\u00ean b\u1ea3n<\/strong> \u2013 Kh\u00f4ng \u0111\u01b0\u1eddng, kh\u00f4ng s\u1eefa, ph\u00f9 h\u1ee3p v\u1edbi nh\u1eefng ng\u01b0\u1eddi y\u00eau th\u00edch v\u1ecb \u0111\u1eafng m\u1ea1nh m\u1ebd.<br data-start=\"693\" data-end=\"696\" \/><strong data-start=\"699\" data-end=\"729\">Th\u00edch h\u1ee3p m\u1ecdi l\u00fac, m\u1ecdi n\u01a1i<\/strong> \u2013 V\u0103n ph\u00f2ng, du l\u1ecbch hay t\u1ea1i nh\u00e0, b\u1ea1n \u0111\u1ec1u c\u00f3 th\u1ec3 t\u1eadn h\u01b0\u1edfng m\u1ed9t ly c\u00e0 ph\u00ea ngon \u0111\u00fang \u0111i\u1ec7u.<\/p>\n<p>H\u00f2a tan m\u1ed9t g\u00f3i v\u1edbi 60ml n\u01b0\u1edbc n\u00f3ng, th\u00eam \u0111\u01b0\u1eddng s\u1eefa n\u1ebfu th\u00edch v\u00e0 th\u01b0\u1edfng th\u1ee9c ngay!<\/p>\n\t\t\n<style>\n#text-3648650623 {\n  color: rgb(47, 255, 193);\n}\n#text-3648650623 > * {\n  color: rgb(47, 255, 193);\n}\n<\/style>\n\t<\/div>\n\t\n\t<div id=\"gap-1328609210\" class=\"gap-element clearfix\" style=\"display:block; height:auto;\">\n\t\t\n<style>\n#gap-1328609210 {\n  padding-top: 30px;\n}\n<\/style>\n\t<\/div>\n\t\n\t<div id=\"text-3984806985\" class=\"text product_page_box_price\">\n\t\t\n<p>Hotline h\u1ed7 tr\u1ee3 kh\u00e1ch h\u00e0ng<\/p>\n<p>Chat Zalo 24\/7: <a style=\"color: #fff;\" href=\"tel:0985.232.977\"><strong>0985.232.977<\/strong><\/a><\/p>\n\t\t\n<style>\n#text-3984806985 {\n  color: rgb(255,255,255);\n}\n#text-3984806985 > * {\n  color: rgb(255,255,255);\n}\n<\/style>\n\t<\/div>\n\t\n\t<div id=\"gap-1977577268\" class=\"gap-element clearfix show-for-small\" style=\"display:block; height:auto;\">\n\t\t\n<style>\n#gap-1977577268 {\n  padding-top: 140px;\n}\n@media (min-width:550px) {\n  #gap-1977577268 {\n    padding-top: 30px;\n  }\n}\n<\/style>\n\t<\/div>\n\t\n\t\t<\/div>\n\t\t\t\t\t<\/div>\n\n\t\n\n\t<div id=\"col-1720707625\" class=\"col medium-7 small-12 large-7\"  >\n\t\t\t\t<div class=\"col-inner\"  >\n\t\t\t\n\t\t\t\n\t<div class=\"img has-hover x md-x lg-x y md-y lg-y\" id=\"image_551911830\">\n\t\t\t\t\t\t\t\t<div class=\"img-inner dark\" style=\"margin:0px 30px 0px 0px;\">\n\t\t\t<img loading=\"lazy\" decoding=\"async\" width=\"800\" height=\"700\" src=\"https:\/\/banfb.vn\/wp-content\/uploads\/2024\/04\/ly-ca-phe-3-in-1-special.png\" class=\"attachment-original size-original\" alt=\"\" srcset=\"https:\/\/banfb.vn\/wp-content\/uploads\/2024\/04\/ly-ca-phe-3-in-1-special.png 800w, https:\/\/banfb.vn\/wp-content\/uploads\/2024\/04\/ly-ca-phe-3-in-1-special-300x263.png 300w, https:\/\/banfb.vn\/wp-content\/uploads\/2024\/04\/ly-ca-phe-3-in-1-special-768x672.png 768w\" sizes=\"auto, (max-width: 800px) 100vw, 800px\" \/>\t\t\t\t\t\t\n\t\t\t\t\t<\/div>\n\t\t\t\t\t\t\t\t\n<style>\n#image_551911830 {\n  width: 100%;\n}\n@media (min-width:850px) {\n  #image_551911830 {\n    width: 100%;\n  }\n}\n<\/style>\n\t<\/div>\n\t\n\t\t<\/div>\n\t\t\t\t\n<style>\n#col-1720707625 > .col-inner {\n  margin: -150px 0px 0px 0px;\n}\n@media (min-width:550px) {\n  #col-1720707625 > .col-inner {\n    margin: -150px 0px 0px 0px;\n  }\n}\n<\/style>\n\t<\/div>\n\n\t\n\n<style>\n#row-2048351368 > .col > .col-inner {\n  border-radius: 10px;\n}\n<\/style>\n<\/div>\n\t\t<\/div>\n\t\t\t\t\t<\/div>\n\n\t\n<\/div>\n\t\t<\/div>\n\n\t\t\n<style>\n#section_1985175269 {\n  padding-top: 0px;\n  padding-bottom: 0px;\n}\n<\/style>\n\t<\/section>\n\t\n","protected":false},"excerpt":{"rendered":"<p>Th\u1ee9c t\u1ec9nh m\u1ecdi gi\u00e1c quan v\u1edbi <strong data-start=\"93\" data-end=\"120\">C\u00c0 PH\u00ca CH\u1ed2N H\u00d2A TAN \u0110EN<\/strong> \u2013 h\u01b0\u01a1ng v\u1ecb \u0111\u1eadm \u0111\u00e0, nguy\u00ean b\u1ea3n t\u1eeb 100% c\u00e0 ph\u00ea ch\u1ed3n th\u01b0\u1ee3ng h\u1ea1ng.<\/p>\n<p>\u0110\u01b0\u1ee3c s\u1ea3n xu\u1ea5t b\u1edfi <strong data-start=\"234\" data-end=\"248\">B\u1ea2N C\u00c0 PH\u00ca<\/strong>, m\u1ed7i g\u00f3i h\u00f2a tan gi\u1eef tr\u1ecdn tinh t\u00fay c\u1ee7a c\u00e0 ph\u00ea ch\u1ed3n, mang \u0111\u1ebfn s\u1ef1 m\u1ea1nh m\u1ebd, th\u01a1m n\u1ed3ng v\u00e0 h\u1eadu v\u1ecb s\u00e2u l\u1eafng, gi\u00fap b\u1ea1n t\u1eadn h\u01b0\u1edfng tr\u1ecdn v\u1eb9n tinh hoa c\u00e0 ph\u00ea.<\/p>\n<p>Kh\u00f4ng c\u1ea7n pha phin, kh\u00f4ng m\u1ea5t th\u1eddi gian ch\u1edd \u0111\u1ee3i \u2013 ch\u1ec9 c\u1ea7n h\u00f2a tan trong n\u01b0\u1edbc n\u00f3ng, th\u00eam \u0111\u01b0\u1eddng, s\u1eefa t\u00f9y th\u00edch v\u00e0 th\u01b0\u1edfng th\u1ee9c ly c\u00e0 ph\u00ea \u0111\u1eb3ng c\u1ea5p ngay l\u1eadp t\u1ee9c!<\/p>\n<p>M\u1edf g\u00f3i, pha ngay, t\u1eadn h\u01b0\u1edfng h\u01b0\u01a1ng v\u1ecb tr\u1ecdn v\u1eb9n! <strong data-start=\"663\" data-end=\"761\" data-is-last-node=\"\">C\u00c0 PH\u00ca CH\u1ed2N H\u00d2A TAN \u0110EN \u2013 S\u1ef1 l\u1ef1a ch\u1ecdn ho\u00e0n h\u1ea3o cho nh\u1eefng ng\u01b0\u1eddi y\u00eau c\u00e0 ph\u00ea m\u1ea1nh, nhanh v\u00e0 ch\u1ea5t!<\/strong><\/p>\n","protected":false},"featured_media":3951,"comment_status":"open","ping_status":"closed","template":"","meta":[],"product_brand":[],"product_cat":[103],"product_tag":[],"class_list":{"0":"post-3695","1":"product","2":"type-product","3":"status-publish","4":"has-post-thumbnail","6":"product_cat-ca-phe-hoa-tan","8":"first","9":"instock","10":"shipping-taxable","11":"product-type-simple"},"_links":{"self":[{"href":"https:\/\/banfb.vn\/en\/wp-json\/wp\/v2\/product\/3695","targetHints":{"allow":["GET"]}}],"collection":[{"href":"https:\/\/banfb.vn\/en\/wp-json\/wp\/v2\/product"}],"about":[{"href":"https:\/\/banfb.vn\/en\/wp-json\/wp\/v2\/types\/product"}],"replies":[{"embeddable":true,"href":"https:\/\/banfb.vn\/en\/wp-json\/wp\/v2\/comments?post=3695"}],"wp:featuredmedia":[{"embeddable":true,"href":"https:\/\/banfb.vn\/en\/wp-json\/wp\/v2\/media\/3951"}],"wp:attachment":[{"href":"https:\/\/banfb.vn\/en\/wp-json\/wp\/v2\/media?parent=3695"}],"wp:term":[{"taxonomy":"product_brand","embeddable":true,"href":"https:\/\/banfb.vn\/en\/wp-json\/wp\/v2\/product_brand?post=3695"},{"taxonomy":"product_cat","embeddable":true,"href":"https:\/\/banfb.vn\/en\/wp-json\/wp\/v2\/product_cat?post=3695"},{"taxonomy":"product_tag","embeddable":true,"href":"https:\/\/banfb.vn\/en\/wp-json\/wp\/v2\/product_tag?post=3695"}],"curies":[{"name":"wp","href":"https:\/\/api.w.org\/{rel}","templated":true}]}}