{"id":3808,"date":"2025-03-26T15:54:33","date_gmt":"2025-03-26T08:54:33","guid":{"rendered":"https:\/\/banfb.vn\/?post_type=product&#038;p=3808"},"modified":"2025-05-05T11:38:20","modified_gmt":"2025-05-05T04:38:20","slug":"ca-phe-chon-rang-xay-new","status":"publish","type":"product","link":"https:\/\/banfb.vn\/en\/san-pham\/ca-phe-chon-rang-xay-new\/","title":{"rendered":"C\u00c0 PH\u00ca CH\u1ed2N RANG XAY"},"content":{"rendered":"\t<section class=\"section dark\" id=\"section_439494163\">\n\t\t<div class=\"bg section-bg fill bg-fill  \" >\n\n\t\t\t\n\t\t\t\n\t\t\t\n\n\t\t<\/div>\n\n\t\t\n\n\t\t<div class=\"section-content relative\">\n\t\t\t\r\n\r\n<div class=\"row align-center\"  id=\"row-1479954228\">\r\n\r\n\n\t<div id=\"col-1396712168\" class=\"col medium-6 small-12 large-6\"  >\n\t\t\t\t<div class=\"col-inner\"  >\n\t\t\t\n\t\t\t\r\n\r\n\t<div id=\"gap-1440832103\" class=\"gap-element clearfix\" style=\"display:block; height:auto;\">\n\t\t\n<style>\n#gap-1440832103 {\n  padding-top: 30px;\n}\n<\/style>\n\t<\/div>\n\t\r\n\r\n\t<div id=\"text-1136077961\" class=\"text\">\n\t\t\r\n<h2>INSTANT COFFEE BAN F&amp;B<\/h2>\r\n\t\t\n<style>\n#text-1136077961 {\n  text-align: center;\n  color: rgb(255, 255, 255);\n}\n#text-1136077961 > * {\n  color: rgb(255, 255, 255);\n}\n<\/style>\n\t<\/div>\n\t\r\n\t<div id=\"text-1009224451\" class=\"text\">\n\t\t\r\n\r\nThis is our outstanding product line. Made from delicious Dak Lak coffee beans, through elaborate processing, creating a product with a unique, unique flavor that combines the unique taste of pure coffee with the gentle scent of milk.\r\n\r\n\t\t\n<style>\n#text-1009224451 {\n  font-size: 0.95rem;\n  text-align: center;\n  color: rgb(252, 174, 97);\n}\n#text-1009224451 > * {\n  color: rgb(252, 174, 97);\n}\n<\/style>\n\t<\/div>\n\t\r\n\r\n\t\t<\/div>\n\t\t\t\t\t<\/div>\n\n\t\r\n\r\n<\/div>\r\n\r\n\t\t<\/div>\n\n\t\t\n<style>\n#section_439494163 {\n  padding-top: 30px;\n  padding-bottom: 30px;\n}\n#section_439494163 .section-bg.bg-loaded {\n  background-image: url(https:\/\/banfb.vn\/wp-content\/uploads\/2024\/04\/banner-danh-muc-ca-phe-hoa-tan.jpeg);\n}\n<\/style>\n\t<\/section>\n\t\r\n\t<section class=\"section\" id=\"section_689633237\">\n\t\t<div class=\"bg section-bg fill bg-fill  bg-loaded\" >\n\n\t\t\t\n\t\t\t\n\t\t\t\n\n\t\t<\/div>\n\n\t\t\n\n\t\t<div class=\"section-content relative\">\n\t\t\t\r\n\r\n<div class=\"row\"  id=\"row-1872928307\">\r\n\r\n\n\t<div id=\"col-1559943869\" class=\"col pdbt-0 small-12 large-12\"  >\n\t\t\t\t<div class=\"col-inner\"  >\n\t\t\t\n\t\t\t\r\n\r\n\t<div id=\"text-3620349462\" class=\"text custom_title_border_left\">\n\t\t\r\n\r\n<strong><a href=\"\/\">HOME PAGE<\/a> \/ PRODUCT PORTFOLIO \/ <a href=\"\/?page_id=2852\">INSTANT COFFEE<\/a><\/strong>\r\n\r\n\t\t\n<style>\n#text-3620349462 {\n  color: #502800;\n}\n#text-3620349462 > * {\n  color: #502800;\n}\n<\/style>\n\t<\/div>\n\t\r\n\r\n\t\t<\/div>\n\t\t\t\t\t<\/div>\n\n\t\r\n\r\n<\/div>\r\n\r\n\t\t<\/div>\n\n\t\t\n<style>\n#section_689633237 {\n  padding-top: 30px;\n  padding-bottom: 30px;\n}\n<\/style>\n\t<\/section>\n\t\n\t<section class=\"section\" id=\"section_528971809\">\n\t\t<div class=\"bg section-bg fill bg-fill  bg-loaded\" >\n\n\t\t\t\n\t\t\t\n\t\t\t\n\n\t\t<\/div>\n\n\t\t\n\n\t\t<div class=\"section-content relative\">\n\t\t\t\n\t<div id=\"gap-2028682011\" class=\"gap-element clearfix\" style=\"display:block; height:auto;\">\n\t\t\n<style>\n#gap-2028682011 {\n  padding-top: 0px;\n}\n@media (min-width:550px) {\n  #gap-2028682011 {\n    padding-top: 30px;\n  }\n}\n<\/style>\n\t<\/div>\n\t\n<div class=\"row row-large align-center\"  id=\"row-2070759536\">\n\n\t<div id=\"col-1954179248\" class=\"col medium-4 small-12 large-3\"  >\n\t\t\t\t<div class=\"col-inner\"  >\n\t\t\t\n\t\t\t\n\n\t\t<\/div>\n\t\t\t\t\t<\/div>\n\n\t\n\n\t<div id=\"col-129674013\" class=\"col medium-8 small-12 large-7\"  >\n\t\t\t\t<div class=\"col-inner\"  >\n\t\t\t\n\t\t\t\n<div class=\"row align-right\"  id=\"row-1933834948\">\n\n\t<div id=\"col-1720186959\" class=\"col banner_product pdbt-0 small-12 large-12\"  >\n\t\t\t\t<div class=\"col-inner\" style=\"background-color:rgb(28, 108, 91);\" >\n\t\t\t\n\t\t\t\n\t<div id=\"text-3188125000\" class=\"text\">\n\t\t\n<h1>C\u00e0 Ph\u00ea Ch\u1ed3n Rang Xay<\/h1>\n\t\t\n<style>\n#text-3188125000 {\n  color: rgb(255,255,255);\n}\n#text-3188125000 > * {\n  color: rgb(255,255,255);\n}\n<\/style>\n\t<\/div>\n\t\n\t<div id=\"text-1607851293\" class=\"text\">\n\t\t\n<p>Caf\u00e9 ch\u1ed3n hay cafe ph\u00e2n ch\u1ed3n l\u00e0 t\u00ean m\u1ed9t lo\u1ea1i c\u00e0 ph\u00ea \u0111\u1eb7c bi\u1ec7t, m\u1ed9t th\u1ee9 \u0111\u1ed3 u\u1ed1ng \u0111\u01b0\u1ee3c x\u1ebfp v\u00e0o lo\u1ea1i hi\u1ebfm nh\u1ea5t tr\u00ean th\u1ebf gi\u1edbi. Lo\u1ea1i c\u00e0 ph\u00ea n\u00e0y c\u00f3 nhi\u1ec1u \u1edf Indonesia, tr\u00ean c\u00e1c h\u00f2n \u0111\u1ea3o Sumatra, Java v\u00e0 Sulawesi. T\u1eeb Kopi Luwak \u0111\u01b0\u1ee3c d\u00f9ng \u0111\u1ec3 ch\u1ec9 m\u1ed9t lo\u1ea1i h\u1ea1t do lo\u00e0i c\u1ea7y v\u00f2i \u0111\u1ed1m \u0103n qu\u1ea3 c\u00e0 ph\u00ea r\u1ed3i th\u1ea3i ra.<\/p>\n<p>T\u1ea1i Vi\u1ec7t Nam, lo\u1ea1i c\u00e0 ph\u00ea n\u00e0y c\u0169ng \u0111\u01b0\u1ee3c s\u1ea3n xu\u1ea5t t\u1ea1i T\u00e2y nguy\u00ean, th\u01b0\u1eddng \u0111\u01b0\u1ee3c g\u1ecdi l\u00e0 &#8220;c\u00e0 ph\u00ea Ch\u1ed3n&#8221; Nguy\u00ean t\u1eafc s\u1ea3n xu\u1ea5t th\u00ec ho\u00e0n to\u00e0n gi\u1ed1ng nh\u01b0 t\u1ea1i Indonesia. \u00a0 M\u1eb7t kh\u00e1c, nh\u1eefng ng\u01b0\u1eddi trong ngh\u1ec1 kh\u1eb3ng \u0111\u1ecbnh t\u00ednh huy\u1ec1n tho\u1ea1i c\u1ee7a cafe ch\u1ed3n Vi\u1ec7t Nam v\u00e0 x\u1ebfp v\u00e0o h\u1ea1ng \u0111\u1eaft nh\u1ea5t th\u1ebf gi\u1edbi.<\/p>\n\t\t\n<style>\n#text-1607851293 {\n  color: rgb(47, 255, 193);\n}\n#text-1607851293 > * {\n  color: rgb(47, 255, 193);\n}\n<\/style>\n\t<\/div>\n\t\n\t<div id=\"gap-1747259688\" class=\"gap-element clearfix\" style=\"display:block; height:auto;\">\n\t\t\n<style>\n#gap-1747259688 {\n  padding-top: 30px;\n}\n<\/style>\n\t<\/div>\n\t\n\t<div id=\"text-2309544119\" class=\"text product_page_box_price\">\n\t\t\n<p>Hotline h\u1ed7 tr\u1ee3 kh\u00e1ch h\u00e0ng<\/p>\n<p>Chat Zalo 24\/7: <a style=\"color: #fff;\" href=\"tel:0985232977\"><strong>0985.232.977<\/strong><\/a><\/p>\n\t\t\n<style>\n#text-2309544119 {\n  color: rgb(255,255,255);\n}\n#text-2309544119 > * {\n  color: rgb(255,255,255);\n}\n<\/style>\n\t<\/div>\n\t\n\t<div id=\"gap-1002609566\" class=\"gap-element clearfix show-for-small\" style=\"display:block; height:auto;\">\n\t\t\n<style>\n#gap-1002609566 {\n  padding-top: 140px;\n}\n@media (min-width:550px) {\n  #gap-1002609566 {\n    padding-top: 30px;\n  }\n}\n<\/style>\n\t<\/div>\n\t\n\t\t<\/div>\n\t\t\t\t\t<\/div>\n\n\t\n\n\t<div id=\"col-1789972896\" class=\"col medium-7 small-12 large-7\"  >\n\t\t\t\t<div class=\"col-inner\"  >\n\t\t\t\n\t\t\t\n\t<div class=\"img has-hover x md-x lg-x y md-y lg-y\" id=\"image_380577642\">\n\t\t\t\t\t\t\t\t<div class=\"img-inner dark\" style=\"margin:0px 30px 0px 0px;\">\n\t\t\t<img loading=\"lazy\" decoding=\"async\" width=\"800\" height=\"700\" src=\"https:\/\/banfb.vn\/wp-content\/uploads\/2024\/04\/ly-ca-phe-3-in-1-special.png\" class=\"attachment-original size-original\" alt=\"\" srcset=\"https:\/\/banfb.vn\/wp-content\/uploads\/2024\/04\/ly-ca-phe-3-in-1-special.png 800w, https:\/\/banfb.vn\/wp-content\/uploads\/2024\/04\/ly-ca-phe-3-in-1-special-300x263.png 300w, https:\/\/banfb.vn\/wp-content\/uploads\/2024\/04\/ly-ca-phe-3-in-1-special-768x672.png 768w\" sizes=\"auto, (max-width: 800px) 100vw, 800px\" \/>\t\t\t\t\t\t\n\t\t\t\t\t<\/div>\n\t\t\t\t\t\t\t\t\n<style>\n#image_380577642 {\n  width: 100%;\n}\n@media (min-width:850px) {\n  #image_380577642 {\n    width: 100%;\n  }\n}\n<\/style>\n\t<\/div>\n\t\n\t\t<\/div>\n\t\t\t\t\n<style>\n#col-1789972896 > .col-inner {\n  margin: -150px 0px 0px 0px;\n}\n@media (min-width:550px) {\n  #col-1789972896 > .col-inner {\n    margin: -150px 0px 0px 0px;\n  }\n}\n<\/style>\n\t<\/div>\n\n\t\n\n<style>\n#row-1933834948 > .col > .col-inner {\n  border-radius: 10px;\n}\n<\/style>\n<\/div>\n\t\t<\/div>\n\t\t\t\t\t<\/div>\n\n\t\n<\/div>\n\t\t<\/div>\n\n\t\t\n<style>\n#section_528971809 {\n  padding-top: 0px;\n  padding-bottom: 0px;\n}\n<\/style>\n\t<\/section>\n\t\n","protected":false},"excerpt":{"rendered":"","protected":false},"featured_media":4048,"comment_status":"open","ping_status":"closed","template":"","meta":[],"product_brand":[],"product_cat":[112],"product_tag":[],"class_list":{"0":"post-3808","1":"product","2":"type-product","3":"status-publish","4":"has-post-thumbnail","6":"product_cat-ca-phe-rang-xay","8":"first","9":"instock","10":"shipping-taxable","11":"product-type-simple"},"_links":{"self":[{"href":"https:\/\/banfb.vn\/en\/wp-json\/wp\/v2\/product\/3808","targetHints":{"allow":["GET"]}}],"collection":[{"href":"https:\/\/banfb.vn\/en\/wp-json\/wp\/v2\/product"}],"about":[{"href":"https:\/\/banfb.vn\/en\/wp-json\/wp\/v2\/types\/product"}],"replies":[{"embeddable":true,"href":"https:\/\/banfb.vn\/en\/wp-json\/wp\/v2\/comments?post=3808"}],"wp:featuredmedia":[{"embeddable":true,"href":"https:\/\/banfb.vn\/en\/wp-json\/wp\/v2\/media\/4048"}],"wp:attachment":[{"href":"https:\/\/banfb.vn\/en\/wp-json\/wp\/v2\/media?parent=3808"}],"wp:term":[{"taxonomy":"product_brand","embeddable":true,"href":"https:\/\/banfb.vn\/en\/wp-json\/wp\/v2\/product_brand?post=3808"},{"taxonomy":"product_cat","embeddable":true,"href":"https:\/\/banfb.vn\/en\/wp-json\/wp\/v2\/product_cat?post=3808"},{"taxonomy":"product_tag","embeddable":true,"href":"https:\/\/banfb.vn\/en\/wp-json\/wp\/v2\/product_tag?post=3808"}],"curies":[{"name":"wp","href":"https:\/\/api.w.org\/{rel}","templated":true}]}}