{"id":3814,"date":"2025-03-26T16:15:27","date_gmt":"2025-03-26T09:15:27","guid":{"rendered":"https:\/\/banfb.vn\/?post_type=product&#038;p=3814"},"modified":"2025-08-26T16:17:06","modified_gmt":"2025-08-26T09:17:06","slug":"ca-phe-chon-tui-loc","status":"publish","type":"product","link":"https:\/\/banfb.vn\/en\/san-pham\/ca-phe-chon-tui-loc\/","title":{"rendered":"C\u00c0 PH\u00ca CH\u1ed2N T\u00daI L\u1eccC"},"content":{"rendered":"\t<section class=\"section dark\" id=\"section_20923466\">\n\t\t<div class=\"bg section-bg fill bg-fill  \" >\n\n\t\t\t\n\t\t\t\n\t\t\t\n\n\t\t<\/div>\n\n\t\t\n\n\t\t<div class=\"section-content relative\">\n\t\t\t\r\n\r\n<div class=\"row align-center\"  id=\"row-1361031795\">\r\n\r\n\n\t<div id=\"col-300076729\" class=\"col medium-6 small-12 large-6\"  >\n\t\t\t\t<div class=\"col-inner\"  >\n\t\t\t\n\t\t\t\r\n\r\n\t<div id=\"gap-1389472238\" class=\"gap-element clearfix\" style=\"display:block; height:auto;\">\n\t\t\n<style>\n#gap-1389472238 {\n  padding-top: 30px;\n}\n<\/style>\n\t<\/div>\n\t\r\n\r\n\t<div id=\"text-2557839860\" class=\"text\">\n\t\t\r\n<h2>INSTANT COFFEE BAN F&amp;B<\/h2>\r\n\t\t\n<style>\n#text-2557839860 {\n  text-align: center;\n  color: rgb(255, 255, 255);\n}\n#text-2557839860 > * {\n  color: rgb(255, 255, 255);\n}\n<\/style>\n\t<\/div>\n\t\r\n\t<div id=\"text-2633224305\" class=\"text\">\n\t\t\r\n\r\nThis is our outstanding product line. Made from delicious Dak Lak coffee beans, through elaborate processing, creating a product with a unique, unique flavor that combines the unique taste of pure coffee with the gentle scent of milk.\r\n\r\n\t\t\n<style>\n#text-2633224305 {\n  font-size: 0.95rem;\n  text-align: center;\n  color: rgb(252, 174, 97);\n}\n#text-2633224305 > * {\n  color: rgb(252, 174, 97);\n}\n<\/style>\n\t<\/div>\n\t\r\n\r\n\t\t<\/div>\n\t\t\t\t\t<\/div>\n\n\t\r\n\r\n<\/div>\r\n\r\n\t\t<\/div>\n\n\t\t\n<style>\n#section_20923466 {\n  padding-top: 30px;\n  padding-bottom: 30px;\n}\n#section_20923466 .section-bg.bg-loaded {\n  background-image: url(https:\/\/banfb.vn\/wp-content\/uploads\/2024\/04\/banner-danh-muc-ca-phe-hoa-tan.jpeg);\n}\n<\/style>\n\t<\/section>\n\t\r\n\t<section class=\"section\" id=\"section_721647324\">\n\t\t<div class=\"bg section-bg fill bg-fill  bg-loaded\" >\n\n\t\t\t\n\t\t\t\n\t\t\t\n\n\t\t<\/div>\n\n\t\t\n\n\t\t<div class=\"section-content relative\">\n\t\t\t\r\n\r\n<div class=\"row\"  id=\"row-216947665\">\r\n\r\n\n\t<div id=\"col-393707792\" class=\"col pdbt-0 small-12 large-12\"  >\n\t\t\t\t<div class=\"col-inner\"  >\n\t\t\t\n\t\t\t\r\n\r\n\t<div id=\"text-1936437175\" class=\"text custom_title_border_left\">\n\t\t\r\n\r\n<strong><a href=\"\/\">HOME PAGE<\/a> \/ PRODUCT PORTFOLIO \/ <a href=\"\/?page_id=2852\">INSTANT COFFEE<\/a><\/strong>\r\n\r\n\t\t\n<style>\n#text-1936437175 {\n  color: #502800;\n}\n#text-1936437175 > * {\n  color: #502800;\n}\n<\/style>\n\t<\/div>\n\t\r\n\r\n\t\t<\/div>\n\t\t\t\t\t<\/div>\n\n\t\r\n\r\n<\/div>\r\n\r\n\t\t<\/div>\n\n\t\t\n<style>\n#section_721647324 {\n  padding-top: 30px;\n  padding-bottom: 30px;\n}\n<\/style>\n\t<\/section>\n\t\n\t<section class=\"section\" id=\"section_1467796727\">\n\t\t<div class=\"bg section-bg fill bg-fill  bg-loaded\" >\n\n\t\t\t\n\t\t\t\n\t\t\t\n\n\t\t<\/div>\n\n\t\t\n\n\t\t<div class=\"section-content relative\">\n\t\t\t\n\t<div id=\"gap-209224555\" class=\"gap-element clearfix\" style=\"display:block; height:auto;\">\n\t\t\n<style>\n#gap-209224555 {\n  padding-top: 0px;\n}\n@media (min-width:550px) {\n  #gap-209224555 {\n    padding-top: 30px;\n  }\n}\n<\/style>\n\t<\/div>\n\t\n<div class=\"row row-large align-center\"  id=\"row-435489033\">\n\n\t<div id=\"col-1122972306\" class=\"col medium-4 small-12 large-3\"  >\n\t\t\t\t<div class=\"col-inner\"  >\n\t\t\t\n\t\t\t\n\n\t\t<\/div>\n\t\t\t\t\t<\/div>\n\n\t\n\n\t<div id=\"col-1150566442\" class=\"col medium-8 small-12 large-7\"  >\n\t\t\t\t<div class=\"col-inner\"  >\n\t\t\t\n\t\t\t\n<div class=\"row align-right\"  id=\"row-846019761\">\n\n\t<div id=\"col-1530759285\" class=\"col banner_product pdbt-0 small-12 large-12\"  >\n\t\t\t\t<div class=\"col-inner\" style=\"background-color:rgb(28, 108, 91);\" >\n\t\t\t\n\t\t\t\n\t<div id=\"text-593547246\" class=\"text\">\n\t\t\n<h1>C\u00c0 PH\u00ca CH\u1ed2N T\u00daI L\u1eccC<\/h1>\n\t\t\n<style>\n#text-593547246 {\n  color: rgb(255,255,255);\n}\n#text-593547246 > * {\n  color: rgb(255,255,255);\n}\n<\/style>\n\t<\/div>\n\t\n\t<div id=\"text-1874943274\" class=\"text\">\n\t\t\n<p>S\u1ea3n ph\u1ea9m cafe ch\u1ed3n h\u00f2a tan l\u00e0 s\u1ef1 k\u1ebft h\u1ee3p tinh t\u1ebf c\u1ee7a c\u1ea3 m\u1ed9t \u0111\u1ed9i ng\u0169 k\u1ef9 thu\u1eadt \u0111\u1ec3 cho ra d\u00f2ng s\u1ea3n ph\u1ea9m c\u00e0 ph\u00ea h\u00f2a tan huy\u1ec1n tho\u1ea1i.<br \/>\nH\u1ed9p cafe ch\u1ed3n b\u00ean trong c\u00f3 10 g\u00f3i c\u00e0 ph\u00ea h\u00f2a tan ch\u1ed3n \u0111en, m\u1ed7i g\u00f3i 20gram. H\u00e0m l\u01b0\u1ee3ng v\u1eeba \u0111\u1ee7 \u0111\u1ec3 t\u1ea1o ra ly c\u00e0 ph\u00ea huy\u1ec1n tho\u1ea1i Ch\u1ed3n th\u01a1m ngon.<\/p>\n\t\t\n<style>\n#text-1874943274 {\n  color: rgb(47, 255, 193);\n}\n#text-1874943274 > * {\n  color: rgb(47, 255, 193);\n}\n<\/style>\n\t<\/div>\n\t\n\t<div id=\"gap-1071906887\" class=\"gap-element clearfix\" style=\"display:block; height:auto;\">\n\t\t\n<style>\n#gap-1071906887 {\n  padding-top: 30px;\n}\n<\/style>\n\t<\/div>\n\t\n\t<div id=\"text-3726581656\" class=\"text product_page_box_price\">\n\t\t\n<p>Hotline h\u1ed7 tr\u1ee3 kh\u00e1ch h\u00e0ng<\/p>\n<p>Chat Zalo 24\/7: <a style=\"color: #fff;\" href=\"tel:0985.232.977\"><strong>0985.232.977<\/strong><\/a><\/p>\n\t\t\n<style>\n#text-3726581656 {\n  color: rgb(255,255,255);\n}\n#text-3726581656 > * {\n  color: rgb(255,255,255);\n}\n<\/style>\n\t<\/div>\n\t\n\t<div id=\"gap-961936171\" class=\"gap-element clearfix show-for-small\" style=\"display:block; height:auto;\">\n\t\t\n<style>\n#gap-961936171 {\n  padding-top: 140px;\n}\n@media (min-width:550px) {\n  #gap-961936171 {\n    padding-top: 30px;\n  }\n}\n<\/style>\n\t<\/div>\n\t\n\t\t<\/div>\n\t\t\t\t\t<\/div>\n\n\t\n\n\t<div id=\"col-1743161609\" class=\"col medium-7 small-12 large-7\"  >\n\t\t\t\t<div class=\"col-inner\"  >\n\t\t\t\n\t\t\t\n\t<div class=\"img has-hover x md-x lg-x y md-y lg-y\" id=\"image_1735784421\">\n\t\t\t\t\t\t\t\t<div class=\"img-inner dark\" style=\"margin:0px 30px 0px 0px;\">\n\t\t\t<img loading=\"lazy\" decoding=\"async\" width=\"800\" height=\"700\" src=\"https:\/\/banfb.vn\/wp-content\/uploads\/2024\/04\/ly-ca-phe-3-in-1-special.png\" class=\"attachment-original size-original\" alt=\"\" srcset=\"https:\/\/banfb.vn\/wp-content\/uploads\/2024\/04\/ly-ca-phe-3-in-1-special.png 800w, https:\/\/banfb.vn\/wp-content\/uploads\/2024\/04\/ly-ca-phe-3-in-1-special-300x263.png 300w, https:\/\/banfb.vn\/wp-content\/uploads\/2024\/04\/ly-ca-phe-3-in-1-special-768x672.png 768w\" sizes=\"auto, (max-width: 800px) 100vw, 800px\" \/>\t\t\t\t\t\t\n\t\t\t\t\t<\/div>\n\t\t\t\t\t\t\t\t\n<style>\n#image_1735784421 {\n  width: 100%;\n}\n@media (min-width:850px) {\n  #image_1735784421 {\n    width: 100%;\n  }\n}\n<\/style>\n\t<\/div>\n\t\n\t\t<\/div>\n\t\t\t\t\n<style>\n#col-1743161609 > .col-inner {\n  margin: -150px 0px 0px 0px;\n}\n@media (min-width:550px) {\n  #col-1743161609 > .col-inner {\n    margin: -150px 0px 0px 0px;\n  }\n}\n<\/style>\n\t<\/div>\n\n\t\n\n<style>\n#row-846019761 > .col > .col-inner {\n  border-radius: 10px;\n}\n<\/style>\n<\/div>\n\t\t<\/div>\n\t\t\t\t\t<\/div>\n\n\t\n<\/div>\n\t\t<\/div>\n\n\t\t\n<style>\n#section_1467796727 {\n  padding-top: 0px;\n  padding-bottom: 0px;\n}\n<\/style>\n\t<\/section>\n\t\n","protected":false},"excerpt":{"rendered":"","protected":false},"featured_media":3817,"comment_status":"open","ping_status":"closed","template":"","meta":[],"product_brand":[],"product_cat":[103],"product_tag":[],"class_list":{"0":"post-3814","1":"product","2":"type-product","3":"status-publish","4":"has-post-thumbnail","6":"product_cat-ca-phe-hoa-tan","8":"first","9":"instock","10":"shipping-taxable","11":"product-type-simple"},"_links":{"self":[{"href":"https:\/\/banfb.vn\/en\/wp-json\/wp\/v2\/product\/3814","targetHints":{"allow":["GET"]}}],"collection":[{"href":"https:\/\/banfb.vn\/en\/wp-json\/wp\/v2\/product"}],"about":[{"href":"https:\/\/banfb.vn\/en\/wp-json\/wp\/v2\/types\/product"}],"replies":[{"embeddable":true,"href":"https:\/\/banfb.vn\/en\/wp-json\/wp\/v2\/comments?post=3814"}],"wp:featuredmedia":[{"embeddable":true,"href":"https:\/\/banfb.vn\/en\/wp-json\/wp\/v2\/media\/3817"}],"wp:attachment":[{"href":"https:\/\/banfb.vn\/en\/wp-json\/wp\/v2\/media?parent=3814"}],"wp:term":[{"taxonomy":"product_brand","embeddable":true,"href":"https:\/\/banfb.vn\/en\/wp-json\/wp\/v2\/product_brand?post=3814"},{"taxonomy":"product_cat","embeddable":true,"href":"https:\/\/banfb.vn\/en\/wp-json\/wp\/v2\/product_cat?post=3814"},{"taxonomy":"product_tag","embeddable":true,"href":"https:\/\/banfb.vn\/en\/wp-json\/wp\/v2\/product_tag?post=3814"}],"curies":[{"name":"wp","href":"https:\/\/api.w.org\/{rel}","templated":true}]}}