{"id":3819,"date":"2025-03-26T16:26:00","date_gmt":"2025-03-26T09:26:00","guid":{"rendered":"https:\/\/banfb.vn\/?post_type=product&#038;p=3819"},"modified":"2025-08-26T16:19:04","modified_gmt":"2025-08-26T09:19:04","slug":"ca-phe-masala-chai","status":"publish","type":"product","link":"https:\/\/banfb.vn\/en\/san-pham\/ca-phe-masala-chai\/","title":{"rendered":"C\u00c0 PH\u00ca MASALA CHAI"},"content":{"rendered":"\t<section class=\"section dark\" id=\"section_256673278\">\n\t\t<div class=\"bg section-bg fill bg-fill  \" >\n\n\t\t\t\n\t\t\t\n\t\t\t\n\n\t\t<\/div>\n\n\t\t\n\n\t\t<div class=\"section-content relative\">\n\t\t\t\r\n\r\n<div class=\"row align-center\"  id=\"row-1369624903\">\r\n\r\n\n\t<div id=\"col-883642012\" class=\"col medium-6 small-12 large-6\"  >\n\t\t\t\t<div class=\"col-inner\"  >\n\t\t\t\n\t\t\t\r\n\r\n\t<div id=\"gap-2125608173\" class=\"gap-element clearfix\" style=\"display:block; height:auto;\">\n\t\t\n<style>\n#gap-2125608173 {\n  padding-top: 30px;\n}\n<\/style>\n\t<\/div>\n\t\r\n\r\n\t<div id=\"text-2152068872\" class=\"text\">\n\t\t\r\n<h2>INSTANT COFFEE BAN F&amp;B<\/h2>\r\n\t\t\n<style>\n#text-2152068872 {\n  text-align: center;\n  color: rgb(255, 255, 255);\n}\n#text-2152068872 > * {\n  color: rgb(255, 255, 255);\n}\n<\/style>\n\t<\/div>\n\t\r\n\t<div id=\"text-2825172305\" class=\"text\">\n\t\t\r\n\r\nThis is our outstanding product line. Made from delicious Dak Lak coffee beans, through elaborate processing, creating a product with a unique, unique flavor that combines the unique taste of pure coffee with the gentle scent of milk.\r\n\r\n\t\t\n<style>\n#text-2825172305 {\n  font-size: 0.95rem;\n  text-align: center;\n  color: rgb(252, 174, 97);\n}\n#text-2825172305 > * {\n  color: rgb(252, 174, 97);\n}\n<\/style>\n\t<\/div>\n\t\r\n\r\n\t\t<\/div>\n\t\t\t\t\t<\/div>\n\n\t\r\n\r\n<\/div>\r\n\r\n\t\t<\/div>\n\n\t\t\n<style>\n#section_256673278 {\n  padding-top: 30px;\n  padding-bottom: 30px;\n}\n#section_256673278 .section-bg.bg-loaded {\n  background-image: url(https:\/\/banfb.vn\/wp-content\/uploads\/2024\/04\/banner-danh-muc-ca-phe-hoa-tan.jpeg);\n}\n<\/style>\n\t<\/section>\n\t\r\n\t<section class=\"section\" id=\"section_1527086459\">\n\t\t<div class=\"bg section-bg fill bg-fill  bg-loaded\" >\n\n\t\t\t\n\t\t\t\n\t\t\t\n\n\t\t<\/div>\n\n\t\t\n\n\t\t<div class=\"section-content relative\">\n\t\t\t\r\n\r\n<div class=\"row\"  id=\"row-1254617960\">\r\n\r\n\n\t<div id=\"col-693893560\" class=\"col pdbt-0 small-12 large-12\"  >\n\t\t\t\t<div class=\"col-inner\"  >\n\t\t\t\n\t\t\t\r\n\r\n\t<div id=\"text-397372154\" class=\"text custom_title_border_left\">\n\t\t\r\n\r\n<strong><a href=\"\/\">HOME PAGE<\/a> \/ PRODUCT PORTFOLIO \/ <a href=\"\/?page_id=2852\">INSTANT COFFEE<\/a><\/strong>\r\n\r\n\t\t\n<style>\n#text-397372154 {\n  color: #502800;\n}\n#text-397372154 > * {\n  color: #502800;\n}\n<\/style>\n\t<\/div>\n\t\r\n\r\n\t\t<\/div>\n\t\t\t\t\t<\/div>\n\n\t\r\n\r\n<\/div>\r\n\r\n\t\t<\/div>\n\n\t\t\n<style>\n#section_1527086459 {\n  padding-top: 30px;\n  padding-bottom: 30px;\n}\n<\/style>\n\t<\/section>\n\t\n\t<section class=\"section\" id=\"section_1653022100\">\n\t\t<div class=\"bg section-bg fill bg-fill  bg-loaded\" >\n\n\t\t\t\n\t\t\t\n\t\t\t\n\n\t\t<\/div>\n\n\t\t\n\n\t\t<div class=\"section-content relative\">\n\t\t\t\n\t<div id=\"gap-1790288551\" class=\"gap-element clearfix\" style=\"display:block; height:auto;\">\n\t\t\n<style>\n#gap-1790288551 {\n  padding-top: 0px;\n}\n@media (min-width:550px) {\n  #gap-1790288551 {\n    padding-top: 30px;\n  }\n}\n<\/style>\n\t<\/div>\n\t\n<div class=\"row row-large align-center\"  id=\"row-1814588851\">\n\n\t<div id=\"col-128468619\" class=\"col medium-4 small-12 large-3\"  >\n\t\t\t\t<div class=\"col-inner\"  >\n\t\t\t\n\t\t\t\n\n\t\t<\/div>\n\t\t\t\t\t<\/div>\n\n\t\n\n\t<div id=\"col-1272306048\" class=\"col medium-8 small-12 large-7\"  >\n\t\t\t\t<div class=\"col-inner\"  >\n\t\t\t\n\t\t\t\n<div class=\"row align-right\"  id=\"row-516728831\">\n\n\t<div id=\"col-1551396383\" class=\"col banner_product pdbt-0 small-12 large-12\"  >\n\t\t\t\t<div class=\"col-inner\" style=\"background-color:rgb(28, 108, 91);\" >\n\t\t\t\n\t\t\t\n\t<div id=\"text-3727158183\" class=\"text\">\n\t\t\n<h1><strong data-start=\"0\" data-end=\"59\">C\u00c0 PH\u00ca MASALA CHAI<\/strong><\/h1>\n\t\t\n<style>\n#text-3727158183 {\n  color: rgb(255,255,255);\n}\n#text-3727158183 > * {\n  color: rgb(255,255,255);\n}\n<\/style>\n\t<\/div>\n\t\n\t<div id=\"text-4035471607\" class=\"text\">\n\t\t\n<p class=\"\" data-start=\"0\" data-end=\"61\"><strong data-start=\"0\" data-end=\"59\">C\u00c0 PH\u00ca MASALA CHAI \u2013 GIAO THOA H\u01af\u01a0NG V\u1eca, \u0110\u1eacM \u0110\u00c0 C\u1ea2M X\u00daC<\/strong><\/p>\n<p class=\"\" data-start=\"63\" data-end=\"579\">S\u1ef1 h\u00f2a quy\u1ec7n tinh t\u1ebf gi\u1eefa <strong data-start=\"89\" data-end=\"119\">c\u00e0 ph\u00ea nguy\u00ean ch\u1ea5t \u0110\u1eafk L\u1eafk<\/strong> v\u00e0 <strong data-start=\"123\" data-end=\"159\">gia v\u1ecb \u0111\u1eb7c tr\u01b0ng c\u1ee7a Masala Chai<\/strong> (qu\u1ebf, g\u1eebng, b\u1ea1ch \u0111\u1eadu kh\u1ea5u, h\u1ed3i\u2026) mang \u0111\u1ebfn m\u1ed9t tr\u1ea3i nghi\u1ec7m m\u1edbi l\u1ea1, v\u1eeba \u0111\u1eadm \u0111\u00e0 v\u1eeba cay n\u1ed3ng \u1ea5m \u00e1p. Kh\u00f4ng ch\u1ec9 gi\u00fap t\u1ec9nh t\u00e1o v\u00e0 t\u1eadp trung, c\u00e0 ph\u00ea Masala Chai c\u00f2n h\u1ed7 tr\u1ee3 ti\u00eau h\u00f3a, gi\u1ea3m stress v\u00e0 l\u00e0m \u1ea5m c\u01a1 th\u1ec3. B\u1ea1n c\u00f3 th\u1ec3 pha n\u00f3ng, th\u00eam \u0111\u00e1 ho\u1eb7c k\u1ebft h\u1ee3p v\u1edbi s\u1eefa \u0111\u1ec3 t\u1ea1o n\u00ean ly latte th\u01a1m b\u00e9o. M\u1ed9t t\u00e1ch Masala Chai Coffee kh\u00f4ng ch\u1ec9 \u0111\u00e1nh th\u1ee9c v\u1ecb gi\u00e1c m\u00e0 c\u00f2n kh\u01a1i ngu\u1ed3n s\u00e1ng t\u1ea1o, gi\u00fap b\u1ea1n t\u1eadn h\u01b0\u1edfng nh\u1eefng kho\u1ea3nh kh\u1eafc \u0111\u1ea7y c\u1ea3m h\u1ee9ng.<\/p>\n\t\t\n<style>\n#text-4035471607 {\n  color: rgb(47, 255, 193);\n}\n#text-4035471607 > * {\n  color: rgb(47, 255, 193);\n}\n<\/style>\n\t<\/div>\n\t\n\t<div id=\"gap-1535514006\" class=\"gap-element clearfix\" style=\"display:block; height:auto;\">\n\t\t\n<style>\n#gap-1535514006 {\n  padding-top: 30px;\n}\n<\/style>\n\t<\/div>\n\t\n\t<div id=\"text-2032620855\" class=\"text product_page_box_price\">\n\t\t\n<p>Hotline h\u1ed7 tr\u1ee3 kh\u00e1ch h\u00e0ng<\/p>\n<p>Chat Zalo 24\/7: <a style=\"color: #fff;\" href=\"tel:0985.232.977\"><strong>0985.232.977<\/strong><\/a><\/p>\n\t\t\n<style>\n#text-2032620855 {\n  color: rgb(255,255,255);\n}\n#text-2032620855 > * {\n  color: rgb(255,255,255);\n}\n<\/style>\n\t<\/div>\n\t\n\t<div id=\"gap-1851447536\" class=\"gap-element clearfix show-for-small\" style=\"display:block; height:auto;\">\n\t\t\n<style>\n#gap-1851447536 {\n  padding-top: 140px;\n}\n@media (min-width:550px) {\n  #gap-1851447536 {\n    padding-top: 30px;\n  }\n}\n<\/style>\n\t<\/div>\n\t\n\t\t<\/div>\n\t\t\t\t\t<\/div>\n\n\t\n\n\t<div id=\"col-571898135\" class=\"col medium-7 small-12 large-7\"  >\n\t\t\t\t<div class=\"col-inner\"  >\n\t\t\t\n\t\t\t\n\t<div class=\"img has-hover x md-x lg-x y md-y lg-y\" id=\"image_357175590\">\n\t\t\t\t\t\t\t\t<div class=\"img-inner dark\" style=\"margin:0px 30px 0px 0px;\">\n\t\t\t<img loading=\"lazy\" decoding=\"async\" width=\"800\" height=\"700\" src=\"https:\/\/banfb.vn\/wp-content\/uploads\/2024\/04\/ly-ca-phe-3-in-1-special.png\" class=\"attachment-original size-original\" alt=\"\" srcset=\"https:\/\/banfb.vn\/wp-content\/uploads\/2024\/04\/ly-ca-phe-3-in-1-special.png 800w, https:\/\/banfb.vn\/wp-content\/uploads\/2024\/04\/ly-ca-phe-3-in-1-special-300x263.png 300w, https:\/\/banfb.vn\/wp-content\/uploads\/2024\/04\/ly-ca-phe-3-in-1-special-768x672.png 768w\" sizes=\"auto, (max-width: 800px) 100vw, 800px\" \/>\t\t\t\t\t\t\n\t\t\t\t\t<\/div>\n\t\t\t\t\t\t\t\t\n<style>\n#image_357175590 {\n  width: 100%;\n}\n@media (min-width:850px) {\n  #image_357175590 {\n    width: 100%;\n  }\n}\n<\/style>\n\t<\/div>\n\t\n\t\t<\/div>\n\t\t\t\t\n<style>\n#col-571898135 > .col-inner {\n  margin: -150px 0px 0px 0px;\n}\n@media (min-width:550px) {\n  #col-571898135 > .col-inner {\n    margin: -150px 0px 0px 0px;\n  }\n}\n<\/style>\n\t<\/div>\n\n\t\n\n<style>\n#row-516728831 > .col > .col-inner {\n  border-radius: 10px;\n}\n<\/style>\n<\/div>\n\t\t<\/div>\n\t\t\t\t\t<\/div>\n\n\t\n<\/div>\n\t\t<\/div>\n\n\t\t\n<style>\n#section_1653022100 {\n  padding-top: 0px;\n  padding-bottom: 0px;\n}\n<\/style>\n\t<\/section>\n\t\n","protected":false},"excerpt":{"rendered":"","protected":false},"featured_media":3986,"comment_status":"open","ping_status":"closed","template":"","meta":[],"product_brand":[],"product_cat":[103],"product_tag":[],"class_list":{"0":"post-3819","1":"product","2":"type-product","3":"status-publish","4":"has-post-thumbnail","6":"product_cat-ca-phe-hoa-tan","8":"first","9":"instock","10":"shipping-taxable","11":"product-type-simple"},"_links":{"self":[{"href":"https:\/\/banfb.vn\/en\/wp-json\/wp\/v2\/product\/3819","targetHints":{"allow":["GET"]}}],"collection":[{"href":"https:\/\/banfb.vn\/en\/wp-json\/wp\/v2\/product"}],"about":[{"href":"https:\/\/banfb.vn\/en\/wp-json\/wp\/v2\/types\/product"}],"replies":[{"embeddable":true,"href":"https:\/\/banfb.vn\/en\/wp-json\/wp\/v2\/comments?post=3819"}],"wp:featuredmedia":[{"embeddable":true,"href":"https:\/\/banfb.vn\/en\/wp-json\/wp\/v2\/media\/3986"}],"wp:attachment":[{"href":"https:\/\/banfb.vn\/en\/wp-json\/wp\/v2\/media?parent=3819"}],"wp:term":[{"taxonomy":"product_brand","embeddable":true,"href":"https:\/\/banfb.vn\/en\/wp-json\/wp\/v2\/product_brand?post=3819"},{"taxonomy":"product_cat","embeddable":true,"href":"https:\/\/banfb.vn\/en\/wp-json\/wp\/v2\/product_cat?post=3819"},{"taxonomy":"product_tag","embeddable":true,"href":"https:\/\/banfb.vn\/en\/wp-json\/wp\/v2\/product_tag?post=3819"}],"curies":[{"name":"wp","href":"https:\/\/api.w.org\/{rel}","templated":true}]}}