{"id":3863,"date":"2025-03-29T17:12:58","date_gmt":"2025-03-29T10:12:58","guid":{"rendered":"https:\/\/banfb.vn\/?post_type=product&#038;p=3863"},"modified":"2025-03-29T17:28:36","modified_gmt":"2025-03-29T10:28:36","slug":"tulsi-orange-cranberry-ginger-organic-tra-thao-moc-huu-co-que-cam-viet-quat-gung","status":"publish","type":"product","link":"https:\/\/banfb.vn\/en\/san-pham\/tulsi-orange-cranberry-ginger-organic-tra-thao-moc-huu-co-que-cam-viet-quat-gung\/","title":{"rendered":"TULSI ORANGE CRANBERRY GINGER ORGANIC (Tr\u00e0 th\u1ea3o m\u1ed9c h\u1eefu c\u01a1 qu\u1ebf cam vi\u1ec7t qu\u1ea5t g\u1eebng)"},"content":{"rendered":"\t<section class=\"section dark\" id=\"section_1817300602\">\n\t\t<div class=\"bg section-bg fill bg-fill  \" >\n\n\t\t\t\n\t\t\t\n\t\t\t\n\n\t\t<\/div>\n\n\t\t\n\n\t\t<div class=\"section-content relative\">\n\t\t\t\r\n\r\n<div class=\"row align-center\"  id=\"row-565758763\">\r\n\r\n\n\t<div id=\"col-1216323072\" class=\"col medium-6 small-12 large-6\"  >\n\t\t\t\t<div class=\"col-inner\"  >\n\t\t\t\n\t\t\t\r\n\r\n\t<div id=\"gap-1210382967\" class=\"gap-element clearfix\" style=\"display:block; height:auto;\">\n\t\t\n<style>\n#gap-1210382967 {\n  padding-top: 30px;\n}\n<\/style>\n\t<\/div>\n\t\r\n\r\n\t<div id=\"text-4192978418\" class=\"text\">\n\t\t\r\n<h2>SOLUBLE TEA<\/h2>\r\n\t\t\n<style>\n#text-4192978418 {\n  text-align: center;\n  color: rgb(255, 255, 255);\n}\n#text-4192978418 > * {\n  color: rgb(255, 255, 255);\n}\n<\/style>\n\t<\/div>\n\t\r\n\t<div id=\"text-1155448926\" class=\"text\">\n\t\t\r\n\r\nBan F&amp;B instant tea is a refreshing drink that has the effect of detoxifying, diuretic, beautifying the skin, etc. Therefore, this is a product line that attracts the attention of many customers. Produced from the freshest fruits, through special processing to bring the most fragrant tea packages to consumers.\r\n\r\n\t\t\n<style>\n#text-1155448926 {\n  font-size: 0.95rem;\n  text-align: center;\n  color: rgb(255, 192, 97);\n}\n#text-1155448926 > * {\n  color: rgb(255, 192, 97);\n}\n<\/style>\n\t<\/div>\n\t\r\n\r\n\t\t<\/div>\n\t\t\t\t\t<\/div>\n\n\t\r\n\r\n<\/div>\r\n\r\n\t\t<\/div>\n\n\t\t\n<style>\n#section_1817300602 {\n  padding-top: 30px;\n  padding-bottom: 30px;\n}\n#section_1817300602 .section-bg.bg-loaded {\n  background-image: url(https:\/\/banfb.vn\/wp-content\/uploads\/2024\/04\/banner-danh-muc-tra-hoa-tan.jpeg);\n}\n<\/style>\n\t<\/section>\n\t\r\n\t<section class=\"section\" id=\"section_2104821612\">\n\t\t<div class=\"bg section-bg fill bg-fill  bg-loaded\" >\n\n\t\t\t\n\t\t\t\n\t\t\t\n\n\t\t<\/div>\n\n\t\t\n\n\t\t<div class=\"section-content relative\">\n\t\t\t\r\n\r\n<div class=\"row\"  id=\"row-170962590\">\r\n\r\n\n\t<div id=\"col-1298596251\" class=\"col pdbt-0 small-12 large-12\"  >\n\t\t\t\t<div class=\"col-inner\"  >\n\t\t\t\n\t\t\t\r\n\r\n\t<div id=\"text-2544412403\" class=\"text custom_title_border_left\">\n\t\t\r\n\r\n<strong>HOME \/ PRODUCT PORTFOLIO \/ <a href=\"\/?page_id=2904\">SOLUBLE TEA<\/a><\/strong>\r\n\r\n\t\t\n<style>\n#text-2544412403 {\n  color: #502800;\n}\n#text-2544412403 > * {\n  color: #502800;\n}\n<\/style>\n\t<\/div>\n\t\r\n\r\n\t\t<\/div>\n\t\t\t\t\t<\/div>\n\n\t\r\n\r\n<\/div>\r\n\r\n\t\t<\/div>\n\n\t\t\n<style>\n#section_2104821612 {\n  padding-top: 30px;\n  padding-bottom: 30px;\n}\n<\/style>\n\t<\/section>\n\t\n\t<section class=\"section\" id=\"section_490817290\">\n\t\t<div class=\"bg section-bg fill bg-fill  bg-loaded\" >\n\n\t\t\t\n\t\t\t\n\t\t\t\n\n\t\t<\/div>\n\n\t\t\n\n\t\t<div class=\"section-content relative\">\n\t\t\t\n\t<div id=\"gap-1822454970\" class=\"gap-element clearfix\" style=\"display:block; height:auto;\">\n\t\t\n<style>\n#gap-1822454970 {\n  padding-top: 0px;\n}\n@media (min-width:550px) {\n  #gap-1822454970 {\n    padding-top: 30px;\n  }\n}\n<\/style>\n\t<\/div>\n\t\n<div class=\"row row-large align-center\"  id=\"row-1955888029\">\n\n\t<div id=\"col-566591067\" class=\"col medium-4 small-12 large-5\"  >\n\t\t\t\t<div class=\"col-inner\"  >\n\t\t\t\n\t\t\t\n\n\t\t<\/div>\n\t\t\t\t\t<\/div>\n\n\t\n\n\t<div id=\"col-1610601524\" class=\"col medium-8 small-12 large-7\"  >\n\t\t\t\t<div class=\"col-inner\"  >\n\t\t\t\n\t\t\t\n<div class=\"row align-right\"  id=\"row-1971310863\">\n\n\t<div id=\"col-600139373\" class=\"col banner_product pdbt-0 small-12 large-12\"  >\n\t\t\t\t<div class=\"col-inner\" style=\"background-color:rgb(231, 85, 39);\" >\n\t\t\t\n\t\t\t\n\t<div id=\"text-2738953485\" class=\"text\">\n\t\t\n<h1>TULSI ORANGE CRANBERRY GINGER ORGANIC<\/h1>\n<h1>(Tr\u00e0 th\u1ea3o m\u1ed9c h\u1eefu c\u01a1 qu\u1ebf cam vi\u1ec7t qu\u1ea5t g\u1eebng)<\/h1>\n\t\t\n<style>\n#text-2738953485 {\n  color: rgb(255,255,255);\n}\n#text-2738953485 > * {\n  color: rgb(255,255,255);\n}\n<\/style>\n\t<\/div>\n\t\n\t<div id=\"text-209904790\" class=\"text\">\n\t\t\n<p class=\"\" data-start=\"0\" data-end=\"75\"><strong data-start=\"0\" data-end=\"73\"> Tr\u00e0 Th\u1ea3o M\u1ed9c H\u1eefu C\u01a1 Qu\u1ebf Cam Vi\u1ec7t Qu\u1ea5t G\u1eebng \u2013 \u1ea4m \u00c1p &amp; S\u1ea3ng Kho\u00e1i <\/strong><\/p>\n<p class=\"\" data-start=\"77\" data-end=\"258\">\u2728 <strong data-start=\"79\" data-end=\"94\">Th\u00e0nh ph\u1ea7n:<\/strong> L\u00e1 h\u00fang qu\u1ebf, v\u1ecf cam, c\u00e1nh hoa t\u1ea7m xu\u00e2n, atiso \u0111\u1ecf, g\u1eebng h\u1eefu c\u01a1 k\u1ebft h\u1ee3p c\u00f9ng h\u01b0\u01a1ng cam \u0111\u1ecf &amp; vi\u1ec7t qu\u1ea5t t\u1ef1 nhi\u00ean. <strong data-start=\"205\" data-end=\"227\">Kh\u00f4ng ch\u1ee9a Caffein<\/strong> \u2013 ph\u00f9 h\u1ee3p cho m\u1ecdi \u0111\u1ed1i t\u01b0\u1ee3ng.<\/p>\n<p class=\"\" data-start=\"260\" data-end=\"396\">H\u01b0\u01a1ng v\u1ecb \u1ea5m n\u1ed3ng c\u1ee7a g\u1eebng, t\u01b0\u01a1i m\u00e1t c\u1ee7a cam v\u00e0 ch\u00fat chua thanh t\u1eeb vi\u1ec7t qu\u1ea5t, gi\u00fap th\u01b0 gi\u00e3n, t\u0103ng c\u01b0\u1eddng \u0111\u1ec1 kh\u00e1ng v\u00e0 h\u1ed7 tr\u1ee3 ti\u00eau h\u00f3a.<\/p>\n<p class=\"\" data-start=\"398\" data-end=\"469\">D\u00f9ng n\u00f3ng \u0111\u1ec3 t\u1eadn h\u01b0\u1edfng tr\u1ecdn v\u1eb9n h\u01b0\u01a1ng v\u1ecb ho\u1eb7c th\u00eam \u0111\u00e1 \u0111\u1ec3 gi\u1ea3i nhi\u1ec7t!<\/p>\n\t\t\n<style>\n#text-209904790 {\n  color: rgb(255, 236, 69);\n}\n#text-209904790 > * {\n  color: rgb(255, 236, 69);\n}\n<\/style>\n\t<\/div>\n\t\n\t<div id=\"gap-1016688839\" class=\"gap-element clearfix\" style=\"display:block; height:auto;\">\n\t\t\n<style>\n#gap-1016688839 {\n  padding-top: 30px;\n}\n<\/style>\n\t<\/div>\n\t\n\t<div id=\"text-131817739\" class=\"text product_page_box_price\">\n\t\t\n\n<p>Hotline h\u1ed7 tr\u1ee3 kh\u00e1ch h\u00e0ng<\/p>\n<p>Chat Zalo 24\/7: <a style=\"color: #fff;\" href=\"tel:0985.232.977\"><strong>0985.232.977<\/strong><\/a><\/p>\n\t\t\n<style>\n#text-131817739 {\n  color: rgb(255,255,255);\n}\n#text-131817739 > * {\n  color: rgb(255,255,255);\n}\n<\/style>\n\t<\/div>\n\t\n\t<div id=\"gap-836327084\" class=\"gap-element clearfix show-for-small\" style=\"display:block; height:auto;\">\n\t\t\n<style>\n#gap-836327084 {\n  padding-top: 140px;\n}\n@media (min-width:550px) {\n  #gap-836327084 {\n    padding-top: 30px;\n  }\n}\n<\/style>\n\t<\/div>\n\t\n\t\t<\/div>\n\t\t\t\t\t<\/div>\n\n\t\n\n\t<div id=\"col-1095046960\" class=\"col medium-5 small-12 large-5\"  >\n\t\t\t\t<div class=\"col-inner\"  >\n\t\t\t\n\t\t\t\n\t<div class=\"img has-hover x md-x lg-x y md-y lg-y\" id=\"image_718193361\">\n\t\t\t\t\t\t\t\t<div class=\"img-inner dark\" style=\"margin:0px 30px 0px 0px;\">\n\t\t\t<img loading=\"lazy\" decoding=\"async\" width=\"600\" height=\"640\" src=\"https:\/\/banfb.vn\/wp-content\/uploads\/2024\/04\/qua-dao.png\" class=\"attachment-original size-original\" alt=\"\" srcset=\"https:\/\/banfb.vn\/wp-content\/uploads\/2024\/04\/qua-dao.png 600w, https:\/\/banfb.vn\/wp-content\/uploads\/2024\/04\/qua-dao-281x300.png 281w\" sizes=\"auto, (max-width: 600px) 100vw, 600px\" \/>\t\t\t\t\t\t\n\t\t\t\t\t<\/div>\n\t\t\t\t\t\t\t\t\n<style>\n#image_718193361 {\n  width: 100%;\n}\n@media (min-width:850px) {\n  #image_718193361 {\n    width: 100%;\n  }\n}\n<\/style>\n\t<\/div>\n\t\n\t\t<\/div>\n\t\t\t\t\n<style>\n#col-1095046960 > .col-inner {\n  margin: -150px 0px 0px 0px;\n}\n@media (min-width:550px) {\n  #col-1095046960 > .col-inner {\n    margin: -150px 0px 0px 0px;\n  }\n}\n<\/style>\n\t<\/div>\n\n\t\n\n<style>\n#row-1971310863 > .col > .col-inner {\n  border-radius: 10px;\n}\n<\/style>\n<\/div>\n\t\t<\/div>\n\t\t\t\t\t<\/div>\n\n\t\n<\/div>\n\t\t<\/div>\n\n\t\t\n<style>\n#section_490817290 {\n  padding-top: 0px;\n  padding-bottom: 0px;\n}\n<\/style>\n\t<\/section>\n\t\n","protected":false},"excerpt":{"rendered":"<p class=\"\" data-start=\"0\" data-end=\"75\"><strong data-start=\"0\" data-end=\"73\"> Tr\u00e0 Th\u1ea3o M\u1ed9c H\u1eefu C\u01a1 Qu\u1ebf Cam Vi\u1ec7t Qu\u1ea5t G\u1eebng \u2013 \u1ea4m \u00c1p &amp; S\u1ea3ng Kho\u00e1i <\/strong><\/p>\n<p class=\"\" data-start=\"77\" data-end=\"258\">\u2728 <strong data-start=\"79\" data-end=\"94\">Th\u00e0nh ph\u1ea7n:<\/strong> L\u00e1 h\u00fang qu\u1ebf, v\u1ecf cam, c\u00e1nh hoa t\u1ea7m xu\u00e2n, atiso \u0111\u1ecf, g\u1eebng h\u1eefu c\u01a1 k\u1ebft h\u1ee3p c\u00f9ng h\u01b0\u01a1ng cam \u0111\u1ecf &amp; vi\u1ec7t qu\u1ea5t t\u1ef1 nhi\u00ean. <strong data-start=\"205\" data-end=\"227\">Kh\u00f4ng ch\u1ee9a Caffein<\/strong> \u2013 ph\u00f9 h\u1ee3p cho m\u1ecdi \u0111\u1ed1i t\u01b0\u1ee3ng.<\/p>\n<p class=\"\" data-start=\"260\" data-end=\"396\">H\u01b0\u01a1ng v\u1ecb \u1ea5m n\u1ed3ng c\u1ee7a g\u1eebng, t\u01b0\u01a1i m\u00e1t c\u1ee7a cam v\u00e0 ch\u00fat chua thanh t\u1eeb vi\u1ec7t qu\u1ea5t, gi\u00fap th\u01b0 gi\u00e3n, t\u0103ng c\u01b0\u1eddng \u0111\u1ec1 kh\u00e1ng v\u00e0 h\u1ed7 tr\u1ee3 ti\u00eau h\u00f3a.<\/p>\n<p class=\"\" data-start=\"398\" data-end=\"469\">D\u00f9ng n\u00f3ng \u0111\u1ec3 t\u1eadn h\u01b0\u1edfng tr\u1ecdn v\u1eb9n h\u01b0\u01a1ng v\u1ecb ho\u1eb7c th\u00eam \u0111\u00e1 \u0111\u1ec3 gi\u1ea3i nhi\u1ec7t!<\/p>\n","protected":false},"featured_media":3864,"comment_status":"open","ping_status":"closed","template":"","meta":[],"product_brand":[],"product_cat":[575],"product_tag":[],"class_list":{"0":"post-3863","1":"product","2":"type-product","3":"status-publish","4":"has-post-thumbnail","6":"product_cat-tra-nhap-khau","8":"first","9":"instock","10":"shipping-taxable","11":"product-type-simple"},"_links":{"self":[{"href":"https:\/\/banfb.vn\/en\/wp-json\/wp\/v2\/product\/3863","targetHints":{"allow":["GET"]}}],"collection":[{"href":"https:\/\/banfb.vn\/en\/wp-json\/wp\/v2\/product"}],"about":[{"href":"https:\/\/banfb.vn\/en\/wp-json\/wp\/v2\/types\/product"}],"replies":[{"embeddable":true,"href":"https:\/\/banfb.vn\/en\/wp-json\/wp\/v2\/comments?post=3863"}],"wp:featuredmedia":[{"embeddable":true,"href":"https:\/\/banfb.vn\/en\/wp-json\/wp\/v2\/media\/3864"}],"wp:attachment":[{"href":"https:\/\/banfb.vn\/en\/wp-json\/wp\/v2\/media?parent=3863"}],"wp:term":[{"taxonomy":"product_brand","embeddable":true,"href":"https:\/\/banfb.vn\/en\/wp-json\/wp\/v2\/product_brand?post=3863"},{"taxonomy":"product_cat","embeddable":true,"href":"https:\/\/banfb.vn\/en\/wp-json\/wp\/v2\/product_cat?post=3863"},{"taxonomy":"product_tag","embeddable":true,"href":"https:\/\/banfb.vn\/en\/wp-json\/wp\/v2\/product_tag?post=3863"}],"curies":[{"name":"wp","href":"https:\/\/api.w.org\/{rel}","templated":true}]}}